{"id":17021,"date":"2020-05-29T22:04:29","date_gmt":"2020-05-30T03:04:29","guid":{"rendered":"https:\/\/fittingsgo.com\/product\/o-rings-metriques-japonais-380-pieces\/"},"modified":"2020-05-29T22:23:50","modified_gmt":"2020-05-30T03:23:50","slug":"o-rings-metriques-japonais-380-pieces","status":"publish","type":"product","link":"https:\/\/fittingsgo.com\/fr\/produit\/o-rings-metriques-japonais-380-pieces\/","title":{"rendered":"\u00abO-rings\u00bb m\u00e9triques japonais, 380 pi\u00e8ces"},"content":{"rendered":"<p>00156<\/p>\n<div id=\"themify_builder_content-17021\" data-postid=\"17021\" class=\"themify_builder_content themify_builder_content-17021 themify_builder\">\n    <\/div>\n<!-- \/themify_builder_content -->\n","protected":false},"excerpt":{"rendered":"<p>36 tailles de durom\u00e8tre Buna-N 70 JIS-2401 * Joints toriques m\u00e9triques dans une bo\u00eete en plastique.<br \/>\nFabriqu\u00e9 par Dynaline<\/p>\n","protected":false},"featured_media":17020,"comment_status":"open","ping_status":"closed","template":"","meta":[],"product_brand":[],"product_cat":[651],"product_tag":[],"class_list":{"0":"post-17021","1":"product","2":"type-product","3":"status-publish","4":"has-post-thumbnail","6":"product_cat-o-rings-fr","7":"has-post-title","8":"has-post-date","9":"has-post-category","10":"has-post-tag","11":"has-post-comment","12":"has-post-author","13":"","14":"fullcover","16":"first","17":"onbackorder","18":"taxable","19":"shipping-taxable","20":"purchasable","21":"product-type-simple"},"jetpack_sharing_enabled":true,"builder_content":"","_links":{"self":[{"href":"https:\/\/fittingsgo.com\/fr\/wp-json\/wp\/v2\/product\/17021","targetHints":{"allow":["GET"]}}],"collection":[{"href":"https:\/\/fittingsgo.com\/fr\/wp-json\/wp\/v2\/product"}],"about":[{"href":"https:\/\/fittingsgo.com\/fr\/wp-json\/wp\/v2\/types\/product"}],"replies":[{"embeddable":true,"href":"https:\/\/fittingsgo.com\/fr\/wp-json\/wp\/v2\/comments?post=17021"}],"wp:featuredmedia":[{"embeddable":true,"href":"https:\/\/fittingsgo.com\/fr\/wp-json\/wp\/v2\/media\/17020"}],"wp:attachment":[{"href":"https:\/\/fittingsgo.com\/fr\/wp-json\/wp\/v2\/media?parent=17021"}],"wp:term":[{"taxonomy":"product_brand","embeddable":true,"href":"https:\/\/fittingsgo.com\/fr\/wp-json\/wp\/v2\/product_brand?post=17021"},{"taxonomy":"product_cat","embeddable":true,"href":"https:\/\/fittingsgo.com\/fr\/wp-json\/wp\/v2\/product_cat?post=17021"},{"taxonomy":"product_tag","embeddable":true,"href":"https:\/\/fittingsgo.com\/fr\/wp-json\/wp\/v2\/product_tag?post=17021"}],"curies":[{"name":"wp","href":"https:\/\/api.w.org\/{rel}","templated":true}]}}