{"id":17009,"date":"2020-05-29T21:44:47","date_gmt":"2020-05-30T02:44:47","guid":{"rendered":"https:\/\/fittingsgo.com\/product\/o-rings-haute-pression-n90-212-pieces\/"},"modified":"2020-05-29T22:19:26","modified_gmt":"2020-05-30T03:19:26","slug":"o-rings-haute-pression-n90-212-pieces","status":"publish","type":"product","link":"https:\/\/fittingsgo.com\/fr\/produit\/o-rings-haute-pression-n90-212-pieces\/","title":{"rendered":"\u00abO-rings\u00bb haute pression N90, 212 pi\u00e8ces"},"content":{"rendered":"<p>00152<\/p>\n<div id=\"themify_builder_content-17009\" data-postid=\"17009\" class=\"themify_builder_content themify_builder_content-17009 themify_builder\">\n    <\/div>\n<!-- \/themify_builder_content -->\n","protected":false},"excerpt":{"rendered":"<p>20 tailles de joints toriques de durom\u00e8tre Buna-N 90 (durom\u00e8tre en nitrile A) dans une bo\u00eete en plastique.<br \/>\nFabriqu\u00e9 par Dynaline<\/p>\n","protected":false},"featured_media":17008,"comment_status":"open","ping_status":"closed","template":"","meta":[],"product_brand":[],"product_cat":[651],"product_tag":[],"class_list":{"0":"post-17009","1":"product","2":"type-product","3":"status-publish","4":"has-post-thumbnail","6":"product_cat-o-rings-fr","7":"has-post-title","8":"has-post-date","9":"has-post-category","10":"has-post-tag","11":"has-post-comment","12":"has-post-author","13":"","14":"fullcover","16":"first","17":"instock","18":"taxable","19":"shipping-taxable","20":"purchasable","21":"product-type-simple"},"jetpack_sharing_enabled":true,"builder_content":"","_links":{"self":[{"href":"https:\/\/fittingsgo.com\/fr\/wp-json\/wp\/v2\/product\/17009","targetHints":{"allow":["GET"]}}],"collection":[{"href":"https:\/\/fittingsgo.com\/fr\/wp-json\/wp\/v2\/product"}],"about":[{"href":"https:\/\/fittingsgo.com\/fr\/wp-json\/wp\/v2\/types\/product"}],"replies":[{"embeddable":true,"href":"https:\/\/fittingsgo.com\/fr\/wp-json\/wp\/v2\/comments?post=17009"}],"wp:featuredmedia":[{"embeddable":true,"href":"https:\/\/fittingsgo.com\/fr\/wp-json\/wp\/v2\/media\/17008"}],"wp:attachment":[{"href":"https:\/\/fittingsgo.com\/fr\/wp-json\/wp\/v2\/media?parent=17009"}],"wp:term":[{"taxonomy":"product_brand","embeddable":true,"href":"https:\/\/fittingsgo.com\/fr\/wp-json\/wp\/v2\/product_brand?post=17009"},{"taxonomy":"product_cat","embeddable":true,"href":"https:\/\/fittingsgo.com\/fr\/wp-json\/wp\/v2\/product_cat?post=17009"},{"taxonomy":"product_tag","embeddable":true,"href":"https:\/\/fittingsgo.com\/fr\/wp-json\/wp\/v2\/product_tag?post=17009"}],"curies":[{"name":"wp","href":"https:\/\/api.w.org\/{rel}","templated":true}]}}