{"id":16995,"date":"2020-05-28T21:40:51","date_gmt":"2020-05-29T02:40:51","guid":{"rendered":"https:\/\/fittingsgo.com\/product\/ensemble-doutils-multi-coins-6-pieces\/"},"modified":"2020-05-28T21:42:15","modified_gmt":"2020-05-29T02:42:15","slug":"ensemble-doutils-multi-coins-6-pieces","status":"publish","type":"product","link":"https:\/\/fittingsgo.com\/fr\/produit\/ensemble-doutils-multi-coins-6-pieces\/","title":{"rendered":"Ensemble d&#8217;outils multi-coins, 6 pi\u00e8ces"},"content":{"rendered":"<p>W80647<\/p>\n<div id=\"themify_builder_content-16995\" data-postid=\"16995\" class=\"themify_builder_content themify_builder_content-16995 themify_builder\">\n    <\/div>\n<!-- \/themify_builder_content -->\n","protected":false},"excerpt":{"rendered":"<p>&#8211; Le nylon r\u00e9sistant \u00e0 l&#8217;abrasion emp\u00eache les rayures sur les surfaces peintes<br \/>\net surfaces de panneaux d\u00e9licates.<br \/>\n&#8211; Fonctionne bien pour enlever les moulures de garniture, les lunettes et divers clips et attaches en plastique.<br \/>\nFabriqu\u00e9 par Performance Tool<\/p>\n","protected":false},"featured_media":16992,"comment_status":"open","ping_status":"closed","template":"","meta":[],"product_brand":[],"product_cat":[229],"product_tag":[],"class_list":{"0":"post-16995","1":"product","2":"type-product","3":"status-publish","4":"has-post-thumbnail","6":"product_cat-outils-de-carrosserie","7":"has-post-title","8":"has-post-date","9":"has-post-category","10":"has-post-tag","11":"has-post-comment","12":"has-post-author","13":"","14":"fullcover","16":"first","17":"instock","18":"taxable","19":"shipping-taxable","20":"purchasable","21":"product-type-simple"},"jetpack_sharing_enabled":true,"builder_content":"","_links":{"self":[{"href":"https:\/\/fittingsgo.com\/fr\/wp-json\/wp\/v2\/product\/16995","targetHints":{"allow":["GET"]}}],"collection":[{"href":"https:\/\/fittingsgo.com\/fr\/wp-json\/wp\/v2\/product"}],"about":[{"href":"https:\/\/fittingsgo.com\/fr\/wp-json\/wp\/v2\/types\/product"}],"replies":[{"embeddable":true,"href":"https:\/\/fittingsgo.com\/fr\/wp-json\/wp\/v2\/comments?post=16995"}],"wp:featuredmedia":[{"embeddable":true,"href":"https:\/\/fittingsgo.com\/fr\/wp-json\/wp\/v2\/media\/16992"}],"wp:attachment":[{"href":"https:\/\/fittingsgo.com\/fr\/wp-json\/wp\/v2\/media?parent=16995"}],"wp:term":[{"taxonomy":"product_brand","embeddable":true,"href":"https:\/\/fittingsgo.com\/fr\/wp-json\/wp\/v2\/product_brand?post=16995"},{"taxonomy":"product_cat","embeddable":true,"href":"https:\/\/fittingsgo.com\/fr\/wp-json\/wp\/v2\/product_cat?post=16995"},{"taxonomy":"product_tag","embeddable":true,"href":"https:\/\/fittingsgo.com\/fr\/wp-json\/wp\/v2\/product_tag?post=16995"}],"curies":[{"name":"wp","href":"https:\/\/api.w.org\/{rel}","templated":true}]}}