{"id":16963,"date":"2020-05-28T20:55:09","date_gmt":"2020-05-29T01:55:09","guid":{"rendered":"https:\/\/fittingsgo.com\/product\/remplisseur-de-batterie-automatique\/"},"modified":"2020-06-10T20:26:33","modified_gmt":"2020-06-11T01:26:33","slug":"remplisseur-de-batterie-automatique","status":"publish","type":"product","link":"https:\/\/fittingsgo.com\/fr\/produit\/remplisseur-de-batterie-automatique\/","title":{"rendered":"Remplisseur de batterie automatique"},"content":{"rendered":"<p>14024<\/p>\n<div id=\"themify_builder_content-16963\" data-postid=\"16963\" class=\"themify_builder_content themify_builder_content-16963 themify_builder\">\n    <\/div>\n<!-- \/themify_builder_content -->\n","protected":false},"excerpt":{"rendered":"<p>Buse de s\u00e9curit\u00e9 \/ style push-in. Arr\u00eat automatique pour \u00e9viter les d\u00e9bordements et les d\u00e9bordements.<br \/>\nCapacit\u00e9: 1\/2 gal. (2 L)<br \/>\nDiam\u00e8tre du spot: 7\/32 po<br \/>\nLongueur du bec: 2-1\/2 po<br \/>\nFabriqu\u00e9 par Dynaline<\/p>\n","protected":false},"featured_media":16962,"comment_status":"open","ping_status":"closed","template":"","meta":[],"product_brand":[],"product_cat":[227],"product_tag":[],"class_list":{"0":"post-16963","1":"product","2":"type-product","3":"status-publish","4":"has-post-thumbnail","6":"product_cat-outils-de-batteries","7":"has-post-title","8":"has-post-date","9":"has-post-category","10":"has-post-tag","11":"has-post-comment","12":"has-post-author","13":"","14":"fullcover","16":"first","17":"instock","18":"taxable","19":"shipping-taxable","20":"purchasable","21":"product-type-simple"},"jetpack_sharing_enabled":true,"builder_content":"","_links":{"self":[{"href":"https:\/\/fittingsgo.com\/fr\/wp-json\/wp\/v2\/product\/16963","targetHints":{"allow":["GET"]}}],"collection":[{"href":"https:\/\/fittingsgo.com\/fr\/wp-json\/wp\/v2\/product"}],"about":[{"href":"https:\/\/fittingsgo.com\/fr\/wp-json\/wp\/v2\/types\/product"}],"replies":[{"embeddable":true,"href":"https:\/\/fittingsgo.com\/fr\/wp-json\/wp\/v2\/comments?post=16963"}],"wp:featuredmedia":[{"embeddable":true,"href":"https:\/\/fittingsgo.com\/fr\/wp-json\/wp\/v2\/media\/16962"}],"wp:attachment":[{"href":"https:\/\/fittingsgo.com\/fr\/wp-json\/wp\/v2\/media?parent=16963"}],"wp:term":[{"taxonomy":"product_brand","embeddable":true,"href":"https:\/\/fittingsgo.com\/fr\/wp-json\/wp\/v2\/product_brand?post=16963"},{"taxonomy":"product_cat","embeddable":true,"href":"https:\/\/fittingsgo.com\/fr\/wp-json\/wp\/v2\/product_cat?post=16963"},{"taxonomy":"product_tag","embeddable":true,"href":"https:\/\/fittingsgo.com\/fr\/wp-json\/wp\/v2\/product_tag?post=16963"}],"curies":[{"name":"wp","href":"https:\/\/api.w.org\/{rel}","templated":true}]}}