{"id":16929,"date":"2020-05-28T20:21:39","date_gmt":"2020-05-29T01:21:39","guid":{"rendered":"https:\/\/fittingsgo.com\/product\/bache-reversible-en-poly-de-qualite-moyenne-de-6-pi-x-8-pi\/"},"modified":"2020-05-28T20:23:16","modified_gmt":"2020-05-29T01:23:16","slug":"bache-reversible-en-poly-de-qualite-moyenne-de-6-pi-x-8-pi","status":"publish","type":"product","link":"https:\/\/fittingsgo.com\/fr\/produit\/bache-reversible-en-poly-de-qualite-moyenne-de-6-pi-x-8-pi\/","title":{"rendered":"B\u00e2che r\u00e9versible en poly de qualit\u00e9 moyenne de 6 pi x 8 pi"},"content":{"rendered":"<p>57030<\/p>\n<div id=\"themify_builder_content-16929\" data-postid=\"16929\" class=\"themify_builder_content themify_builder_content-16929 themify_builder\">\n    <\/div>\n<!-- \/themify_builder_content -->\n","protected":false},"excerpt":{"rendered":"<p>Fabriqu\u00e9 par Erickson<\/p>\n","protected":false},"featured_media":16926,"comment_status":"open","ping_status":"closed","template":"","meta":[],"product_brand":[],"product_cat":[300],"product_tag":[],"class_list":{"0":"post-16929","1":"product","2":"type-product","3":"status-publish","4":"has-post-thumbnail","6":"product_cat-couverts","7":"has-post-title","8":"has-post-date","9":"has-post-category","10":"has-post-tag","11":"has-post-comment","12":"has-post-author","13":"","14":"fullcover","16":"first","17":"instock","18":"taxable","19":"shipping-taxable","20":"purchasable","21":"product-type-simple"},"jetpack_sharing_enabled":true,"builder_content":"","_links":{"self":[{"href":"https:\/\/fittingsgo.com\/fr\/wp-json\/wp\/v2\/product\/16929","targetHints":{"allow":["GET"]}}],"collection":[{"href":"https:\/\/fittingsgo.com\/fr\/wp-json\/wp\/v2\/product"}],"about":[{"href":"https:\/\/fittingsgo.com\/fr\/wp-json\/wp\/v2\/types\/product"}],"replies":[{"embeddable":true,"href":"https:\/\/fittingsgo.com\/fr\/wp-json\/wp\/v2\/comments?post=16929"}],"wp:featuredmedia":[{"embeddable":true,"href":"https:\/\/fittingsgo.com\/fr\/wp-json\/wp\/v2\/media\/16926"}],"wp:attachment":[{"href":"https:\/\/fittingsgo.com\/fr\/wp-json\/wp\/v2\/media?parent=16929"}],"wp:term":[{"taxonomy":"product_brand","embeddable":true,"href":"https:\/\/fittingsgo.com\/fr\/wp-json\/wp\/v2\/product_brand?post=16929"},{"taxonomy":"product_cat","embeddable":true,"href":"https:\/\/fittingsgo.com\/fr\/wp-json\/wp\/v2\/product_cat?post=16929"},{"taxonomy":"product_tag","embeddable":true,"href":"https:\/\/fittingsgo.com\/fr\/wp-json\/wp\/v2\/product_tag?post=16929"}],"curies":[{"name":"wp","href":"https:\/\/api.w.org\/{rel}","templated":true}]}}