{"id":16914,"date":"2020-05-28T19:56:25","date_gmt":"2020-05-29T00:56:25","guid":{"rendered":"https:\/\/fittingsgo.com\/product\/interrupteur-de-demarrage-a-telecommande\/"},"modified":"2020-05-28T19:57:42","modified_gmt":"2020-05-29T00:57:42","slug":"interrupteur-de-demarrage-a-telecommande","status":"publish","type":"product","link":"https:\/\/fittingsgo.com\/fr\/produit\/interrupteur-de-demarrage-a-telecommande\/","title":{"rendered":"Interrupteur de d\u00e9marrage \u00e0 t\u00e9l\u00e9commande"},"content":{"rendered":"<p>124DD<\/p>\n<div id=\"themify_builder_content-16914\" data-postid=\"16914\" class=\"themify_builder_content themify_builder_content-16914 themify_builder\">\n    <\/div>\n<!-- \/themify_builder_content -->\n","protected":false},"excerpt":{"rendered":"<p>&#8211; Contournez le commutateur d&#8217;allumage sur n&#8217;importe quel moteur avec un interrupteur de d\u00e9marrage \u00e0 sol\u00e9no\u00efde<br \/>\n&#8211; Vous permet de lancer le moteur tout en travaillant dans le compartiment moteur<br \/>\n&#8211; Fabriqu\u00e9 en construction robuste et a une longueur de 32 po<br \/>\n&#8211; Connectez la borne positive de la batterie \u00e0 la borne d&#8217;alimentation du sol\u00e9no\u00efde<br \/>\n&#8211; Utilis\u00e9 pour les tests de g\u00e9n\u00e9rateur GE, de d\u00e9marreur, \u00e9lectrique, de pompe \u00e0 carburant et de compression et pour r\u00e9gler les points d&#8217;allumage et r\u00e9gler les poussoirs<br \/>\n&#8211; 6 et 12 volts uniquement<br \/>\n&#8211; Capacit\u00e9 nominale du fil 8 amp\u00e8res<br \/>\nFabriqu\u00e9 par KD Tools<\/p>\n","protected":false},"featured_media":16913,"comment_status":"open","ping_status":"closed","template":"","meta":[],"product_brand":[],"product_cat":[227],"product_tag":[],"class_list":{"0":"post-16914","1":"product","2":"type-product","3":"status-publish","4":"has-post-thumbnail","6":"product_cat-outils-de-batteries","7":"has-post-title","8":"has-post-date","9":"has-post-category","10":"has-post-tag","11":"has-post-comment","12":"has-post-author","13":"","14":"fullcover","16":"first","17":"instock","18":"taxable","19":"shipping-taxable","20":"purchasable","21":"product-type-simple"},"jetpack_sharing_enabled":true,"builder_content":"","_links":{"self":[{"href":"https:\/\/fittingsgo.com\/fr\/wp-json\/wp\/v2\/product\/16914","targetHints":{"allow":["GET"]}}],"collection":[{"href":"https:\/\/fittingsgo.com\/fr\/wp-json\/wp\/v2\/product"}],"about":[{"href":"https:\/\/fittingsgo.com\/fr\/wp-json\/wp\/v2\/types\/product"}],"replies":[{"embeddable":true,"href":"https:\/\/fittingsgo.com\/fr\/wp-json\/wp\/v2\/comments?post=16914"}],"wp:featuredmedia":[{"embeddable":true,"href":"https:\/\/fittingsgo.com\/fr\/wp-json\/wp\/v2\/media\/16913"}],"wp:attachment":[{"href":"https:\/\/fittingsgo.com\/fr\/wp-json\/wp\/v2\/media?parent=16914"}],"wp:term":[{"taxonomy":"product_brand","embeddable":true,"href":"https:\/\/fittingsgo.com\/fr\/wp-json\/wp\/v2\/product_brand?post=16914"},{"taxonomy":"product_cat","embeddable":true,"href":"https:\/\/fittingsgo.com\/fr\/wp-json\/wp\/v2\/product_cat?post=16914"},{"taxonomy":"product_tag","embeddable":true,"href":"https:\/\/fittingsgo.com\/fr\/wp-json\/wp\/v2\/product_tag?post=16914"}],"curies":[{"name":"wp","href":"https:\/\/api.w.org\/{rel}","templated":true}]}}