{"id":16817,"date":"2020-05-23T11:43:00","date_gmt":"2020-05-23T16:43:00","guid":{"rendered":"https:\/\/fittingsgo.com\/product\/nettoyeur-et-rincage-de-refroidisseur-de-transmission-kooler-kleen\/"},"modified":"2020-05-23T11:46:26","modified_gmt":"2020-05-23T16:46:26","slug":"nettoyeur-et-rincage-de-refroidisseur-de-transmission-kooler-kleen","status":"publish","type":"product","link":"https:\/\/fittingsgo.com\/fr\/produit\/nettoyeur-et-rincage-de-refroidisseur-de-transmission-kooler-kleen\/","title":{"rendered":"Nettoyeur et rin\u00e7age de refroidisseur de transmission \u00abKooler Kleen\u00bb"},"content":{"rendered":"<p>&#8211; \u00c9limine la graisse, la salet\u00e9, les boues et les copeaux de m\u00e9tal<br \/>\n&#8211; Emp\u00eache le retour des d\u00e9p\u00f4ts \u00e9trangers, y compris la rouille<br \/>\n&#8211; Aucun r\u00e9sidu d&#8217;eau\/de savon ne contamine la nouvelle vidange de la transmission automatique<br \/>\n&#8211; Emp\u00eache la contamination des unit\u00e9s neuves ou reconstruites<br \/>\n&#8211; Emp\u00eache les retours co\u00fbteux<br \/>\n&#8211; Formul\u00e9 pour ne pas endommager les joints<br \/>\n&#8211; Ne contient ni CFC ni solvants chlor\u00e9s<br \/>\n&#8211; Approuv\u00e9 OEM et grand reconstructeur<br \/>\n&#8211; Id\u00e9al pour ceux qui n&#8217;ont pas de machine de rin\u00e7age d\u00e9di\u00e9e<br \/>\n&#8211; Raccord standard 5\/16 po et embouts universels disponibles<br \/>\n19001<\/p>\n<div id=\"themify_builder_content-16817\" data-postid=\"16817\" class=\"themify_builder_content themify_builder_content-16817 themify_builder\">\n    <\/div>\n<!-- \/themify_builder_content -->\n","protected":false},"excerpt":{"rendered":"<p>LUBEGARD Kooler Kleen Trans Flush (\u00e0 base de solvant) utilise un m\u00e9lange exclusif de d\u00e9tergents pour nettoyer en toute s\u00e9curit\u00e9 les lignes de transmission. Ce produit fonctionne sans eau pour \u00e9liminer la graisse, la salet\u00e9, la crasse et les copeaux de m\u00e9tal qui peuvent obstruer les conduites. Et cela entrave leur retour. En raison de sa formulation de solvant unique, il ne d\u00e9gradera pas le nouveau liquide de transmission automatique. Le rin\u00e7age de ligne de refroidisseur de transmission le plus s\u00fbr et le plus complet disponible!<\/p>\n","protected":false},"featured_media":16816,"comment_status":"open","ping_status":"closed","template":"","meta":[],"product_brand":[],"product_cat":[569],"product_tag":[],"class_list":{"0":"post-16817","1":"product","2":"type-product","3":"status-publish","4":"has-post-thumbnail","6":"product_cat-huile-de-transmission-automatique","7":"has-post-title","8":"has-post-date","9":"has-post-category","10":"has-post-tag","11":"has-post-comment","12":"has-post-author","13":"","14":"fullcover","16":"first","17":"instock","18":"taxable","19":"shipping-taxable","20":"purchasable","21":"product-type-simple"},"jetpack_sharing_enabled":true,"builder_content":"","_links":{"self":[{"href":"https:\/\/fittingsgo.com\/fr\/wp-json\/wp\/v2\/product\/16817","targetHints":{"allow":["GET"]}}],"collection":[{"href":"https:\/\/fittingsgo.com\/fr\/wp-json\/wp\/v2\/product"}],"about":[{"href":"https:\/\/fittingsgo.com\/fr\/wp-json\/wp\/v2\/types\/product"}],"replies":[{"embeddable":true,"href":"https:\/\/fittingsgo.com\/fr\/wp-json\/wp\/v2\/comments?post=16817"}],"wp:featuredmedia":[{"embeddable":true,"href":"https:\/\/fittingsgo.com\/fr\/wp-json\/wp\/v2\/media\/16816"}],"wp:attachment":[{"href":"https:\/\/fittingsgo.com\/fr\/wp-json\/wp\/v2\/media?parent=16817"}],"wp:term":[{"taxonomy":"product_brand","embeddable":true,"href":"https:\/\/fittingsgo.com\/fr\/wp-json\/wp\/v2\/product_brand?post=16817"},{"taxonomy":"product_cat","embeddable":true,"href":"https:\/\/fittingsgo.com\/fr\/wp-json\/wp\/v2\/product_cat?post=16817"},{"taxonomy":"product_tag","embeddable":true,"href":"https:\/\/fittingsgo.com\/fr\/wp-json\/wp\/v2\/product_tag?post=16817"}],"curies":[{"name":"wp","href":"https:\/\/api.w.org\/{rel}","templated":true}]}}