{"id":16806,"date":"2020-05-23T11:23:07","date_gmt":"2020-05-23T16:23:07","guid":{"rendered":"https:\/\/fittingsgo.com\/product\/additif-anti-usure-cera-tec\/"},"modified":"2020-05-23T11:24:43","modified_gmt":"2020-05-23T16:24:43","slug":"additif-anti-usure-cera-tec","status":"publish","type":"product","link":"https:\/\/fittingsgo.com\/fr\/produit\/additif-anti-usure-cera-tec\/","title":{"rendered":"Additif anti-usure Cera Tec"},"content":{"rendered":"<p>Protection contre l&#8217;usure pour moteurs, transmissions manuelles, pompes et compresseurs. Cera Tec est ajout\u00e9 \u00e0 l&#8217;huile et se m\u00e9lange automatiquement. Suffisant pour 5 litres (5,28 U.S. QT) de volume d&#8217;huile. Avec effet \u00e0 long terme jusqu&#8217;\u00e0 50 000 km (30 000 miles). Ne convient pas pour une utilisation avec des embrayages humides! Un remplissage d&#8217;huile minimum de 3 litres (3,17 U.S. QT) est requis pour des performances optimales du produit.<br \/>\nLM20002<\/p>\n<div id=\"themify_builder_content-16806\" data-postid=\"16806\" class=\"themify_builder_content themify_builder_content-16806 themify_builder\">\n    <\/div>\n<!-- \/themify_builder_content -->\n","protected":false},"excerpt":{"rendered":"<p>Cera Tec est un additif anti-usure de haute technologie, adapt\u00e9 \u00e0 une utilisation dans les huiles moteur ainsi que les fluides de transmission manuelle et les compresseurs. Cera Tec r\u00e9duit la friction et l&#8217;usure gr\u00e2ce aux compos\u00e9s c\u00e9ramiques extr\u00eamement r\u00e9sistants \u00e0 la chaleur et \u00e0 la pression. Emp\u00eache le contact direct m\u00e9tal sur m\u00e9tal, augmentant ainsi la dur\u00e9e de vie du moteur. L&#8217;effet de faible friction r\u00e9duit la consommation de carburant des moteurs \u00e0 essence et diesel.<br \/>\nFabriqu\u00e9 par Liqui Moly<\/p>\n","protected":false},"featured_media":16805,"comment_status":"open","ping_status":"closed","template":"","meta":[],"product_brand":[],"product_cat":[563],"product_tag":[],"class_list":{"0":"post-16806","1":"product","2":"type-product","3":"status-publish","4":"has-post-thumbnail","6":"product_cat-additifs-huile","7":"has-post-title","8":"has-post-date","9":"has-post-category","10":"has-post-tag","11":"has-post-comment","12":"has-post-author","13":"","14":"fullcover","16":"first","17":"instock","18":"taxable","19":"shipping-taxable","20":"purchasable","21":"product-type-simple"},"jetpack_sharing_enabled":true,"builder_content":"","_links":{"self":[{"href":"https:\/\/fittingsgo.com\/fr\/wp-json\/wp\/v2\/product\/16806","targetHints":{"allow":["GET"]}}],"collection":[{"href":"https:\/\/fittingsgo.com\/fr\/wp-json\/wp\/v2\/product"}],"about":[{"href":"https:\/\/fittingsgo.com\/fr\/wp-json\/wp\/v2\/types\/product"}],"replies":[{"embeddable":true,"href":"https:\/\/fittingsgo.com\/fr\/wp-json\/wp\/v2\/comments?post=16806"}],"wp:featuredmedia":[{"embeddable":true,"href":"https:\/\/fittingsgo.com\/fr\/wp-json\/wp\/v2\/media\/16805"}],"wp:attachment":[{"href":"https:\/\/fittingsgo.com\/fr\/wp-json\/wp\/v2\/media?parent=16806"}],"wp:term":[{"taxonomy":"product_brand","embeddable":true,"href":"https:\/\/fittingsgo.com\/fr\/wp-json\/wp\/v2\/product_brand?post=16806"},{"taxonomy":"product_cat","embeddable":true,"href":"https:\/\/fittingsgo.com\/fr\/wp-json\/wp\/v2\/product_cat?post=16806"},{"taxonomy":"product_tag","embeddable":true,"href":"https:\/\/fittingsgo.com\/fr\/wp-json\/wp\/v2\/product_tag?post=16806"}],"curies":[{"name":"wp","href":"https:\/\/api.w.org\/{rel}","templated":true}]}}