{"id":16802,"date":"2020-05-23T11:17:40","date_gmt":"2020-05-23T16:17:40","guid":{"rendered":"https:\/\/fittingsgo.com\/product\/traitement-moteur-anti-friction-mos2\/"},"modified":"2020-05-23T11:19:33","modified_gmt":"2020-05-23T16:19:33","slug":"traitement-moteur-anti-friction-mos2","status":"publish","type":"product","link":"https:\/\/fittingsgo.com\/fr\/produit\/traitement-moteur-anti-friction-mos2\/","title":{"rendered":"Traitement moteur anti-friction MoS2"},"content":{"rendered":"<p>&#8211; Contribue \u00e0 r\u00e9duire la consommation de carburant, \u00e0 prolonger la dur\u00e9e de vie du moteur et \u00e0 r\u00e9duire le bruit. L&#8217;augmentation du rendement du moteur diminue l&#8217;impact environnemental tout en augmentant la consommation d&#8217;essence. Sp\u00e9cialement con\u00e7u pour les anciennes conceptions de moteur avec ou sans turbocompresseur.<br \/>\n&#8211; Utilisation dans les moteurs essence et diesel 4 temps, avec ou sans turbocompresseur. Miscible avec la plupart des huiles moteur disponibles dans le commerce. Sans danger pour les convertisseurs catalytiques et les filtres \u00e0 particules (GPF \/ DPF). Ne convient pas pour une utilisation avec des embrayages humides! On peut traiter jusqu&#8217;\u00e0 6 litres (1,5 gal.) D&#8217;huile. Un remplissage d&#8217;huile minimum de 3 litres (0,8 gal.) Est requis pour une performance optimale du produit.<br \/>\nLM2009<\/p>\n<div id=\"themify_builder_content-16802\" data-postid=\"16802\" class=\"themify_builder_content themify_builder_content-16802 themify_builder\">\n    <\/div>\n<!-- \/themify_builder_content -->\n","protected":false},"excerpt":{"rendered":"<p>Fournit une friction instantan\u00e9e et une r\u00e9duction de l&#8217;usure dans les moteurs \u00e0 essence ou diesel. Ajoute une couche limite extr\u00eamement protectrice et r\u00e9sistante \u00e0 la pression et \u00e0 faible friction et fournit une lubrification lors du d\u00e9marrage \u00e0 froid pour \u00e9viter les dommages dus \u00e0 la famine d&#8217;huile.<br \/>\nMoS2 = disulfure de molybd\u00e8ne<br \/>\nFabriqu\u00e9 par Liqui Moly<\/p>\n","protected":false},"featured_media":16801,"comment_status":"open","ping_status":"closed","template":"","meta":[],"product_brand":[],"product_cat":[563],"product_tag":[],"class_list":{"0":"post-16802","1":"product","2":"type-product","3":"status-publish","4":"has-post-thumbnail","6":"product_cat-additifs-huile","7":"has-post-title","8":"has-post-date","9":"has-post-category","10":"has-post-tag","11":"has-post-comment","12":"has-post-author","13":"","14":"fullcover","16":"first","17":"instock","18":"taxable","19":"shipping-taxable","20":"purchasable","21":"product-type-simple"},"jetpack_sharing_enabled":true,"builder_content":"","_links":{"self":[{"href":"https:\/\/fittingsgo.com\/fr\/wp-json\/wp\/v2\/product\/16802","targetHints":{"allow":["GET"]}}],"collection":[{"href":"https:\/\/fittingsgo.com\/fr\/wp-json\/wp\/v2\/product"}],"about":[{"href":"https:\/\/fittingsgo.com\/fr\/wp-json\/wp\/v2\/types\/product"}],"replies":[{"embeddable":true,"href":"https:\/\/fittingsgo.com\/fr\/wp-json\/wp\/v2\/comments?post=16802"}],"wp:featuredmedia":[{"embeddable":true,"href":"https:\/\/fittingsgo.com\/fr\/wp-json\/wp\/v2\/media\/16801"}],"wp:attachment":[{"href":"https:\/\/fittingsgo.com\/fr\/wp-json\/wp\/v2\/media?parent=16802"}],"wp:term":[{"taxonomy":"product_brand","embeddable":true,"href":"https:\/\/fittingsgo.com\/fr\/wp-json\/wp\/v2\/product_brand?post=16802"},{"taxonomy":"product_cat","embeddable":true,"href":"https:\/\/fittingsgo.com\/fr\/wp-json\/wp\/v2\/product_cat?post=16802"},{"taxonomy":"product_tag","embeddable":true,"href":"https:\/\/fittingsgo.com\/fr\/wp-json\/wp\/v2\/product_tag?post=16802"}],"curies":[{"name":"wp","href":"https:\/\/api.w.org\/{rel}","templated":true}]}}