{"id":16448,"date":"2020-05-14T20:52:56","date_gmt":"2020-05-15T01:52:56","guid":{"rendered":"https:\/\/fittingsgo.com\/product\/mesureur-avec-couvercle-fixe-et-buse\/"},"modified":"2021-06-18T21:35:17","modified_gmt":"2021-06-19T02:35:17","slug":"mesureur-avec-couvercle-fixe-et-buse","status":"publish","type":"product","link":"https:\/\/fittingsgo.com\/fr\/produit\/mesureur-avec-couvercle-fixe-et-buse\/","title":{"rendered":"Mesureur avec couvercle fixe et buse"},"content":{"rendered":"<p>14045<br \/>\nCAPACIT\u00c9 &#8211; 152 oz. (4,5 L)<br \/>\nDIAM\u00c8TRE DU BEC &#8211; 7\/16 po<br \/>\nLONGUEUR DU BEC &#8211; 5 po<br \/>\nTYPE DE COUVERCLE &#8211; Couvercle fixe moul\u00e9 par soufflage<\/p>\n<div id=\"themify_builder_content-16448\" data-postid=\"16448\" class=\"themify_builder_content themify_builder_content-16448 themify_builder\">\n    <\/div>\n<!-- \/themify_builder_content -->\n","protected":false},"excerpt":{"rendered":"<p>Tailles am\u00e9ricains, imp\u00e9riaux et m\u00e9triques. Id\u00e9al pour les fluides et les mat\u00e9riaux secs.<br \/>\nFabriqu\u00e9 par Dynaline<\/p>\n","protected":false},"featured_media":16447,"comment_status":"open","ping_status":"closed","template":"","meta":[],"product_brand":[],"product_cat":[666],"product_tag":[],"class_list":{"0":"post-16448","1":"product","2":"type-product","3":"status-publish","4":"has-post-thumbnail","6":"product_cat-entonnoirs-bacs-de-drainage-verseurs-et-huileurs","7":"has-post-title","8":"has-post-date","9":"has-post-category","10":"has-post-tag","11":"has-post-comment","12":"has-post-author","13":"","14":"fullcover","16":"first","17":"instock","18":"taxable","19":"shipping-taxable","20":"purchasable","21":"product-type-simple"},"jetpack_sharing_enabled":true,"builder_content":"","_links":{"self":[{"href":"https:\/\/fittingsgo.com\/fr\/wp-json\/wp\/v2\/product\/16448","targetHints":{"allow":["GET"]}}],"collection":[{"href":"https:\/\/fittingsgo.com\/fr\/wp-json\/wp\/v2\/product"}],"about":[{"href":"https:\/\/fittingsgo.com\/fr\/wp-json\/wp\/v2\/types\/product"}],"replies":[{"embeddable":true,"href":"https:\/\/fittingsgo.com\/fr\/wp-json\/wp\/v2\/comments?post=16448"}],"wp:featuredmedia":[{"embeddable":true,"href":"https:\/\/fittingsgo.com\/fr\/wp-json\/wp\/v2\/media\/16447"}],"wp:attachment":[{"href":"https:\/\/fittingsgo.com\/fr\/wp-json\/wp\/v2\/media?parent=16448"}],"wp:term":[{"taxonomy":"product_brand","embeddable":true,"href":"https:\/\/fittingsgo.com\/fr\/wp-json\/wp\/v2\/product_brand?post=16448"},{"taxonomy":"product_cat","embeddable":true,"href":"https:\/\/fittingsgo.com\/fr\/wp-json\/wp\/v2\/product_cat?post=16448"},{"taxonomy":"product_tag","embeddable":true,"href":"https:\/\/fittingsgo.com\/fr\/wp-json\/wp\/v2\/product_tag?post=16448"}],"curies":[{"name":"wp","href":"https:\/\/api.w.org\/{rel}","templated":true}]}}