{"id":16444,"date":"2020-05-14T20:45:55","date_gmt":"2020-05-15T01:45:55","guid":{"rendered":"https:\/\/fittingsgo.com\/product\/bac-de-vidange\/"},"modified":"2020-05-14T20:48:57","modified_gmt":"2020-05-15T01:48:57","slug":"bac-de-vidange","status":"publish","type":"product","link":"https:\/\/fittingsgo.com\/fr\/produit\/bac-de-vidange\/","title":{"rendered":"Bac de vidange"},"content":{"rendered":"<p>14022<br \/>\nCAPACIT\u00c9 &#8211; 16 L<br \/>\nLONGUEUR &#8211; 23 po<br \/>\nPROFONDEUR &#8211; 5-1\/2 po<br \/>\nLARGEUR &#8211; 18 po<\/p>\n<div id=\"themify_builder_content-16444\" data-postid=\"16444\" class=\"themify_builder_content themify_builder_content-16444 themify_builder\">\n    <\/div>\n<!-- \/themify_builder_content -->\n","protected":false},"excerpt":{"rendered":"<p>Fabriqu\u00e9 en poly\u00e9thyl\u00e8ne haute densit\u00e9 robuste.<br \/>\nFabriqu\u00e9 par Dynaline<\/p>\n","protected":false},"featured_media":16442,"comment_status":"open","ping_status":"closed","template":"","meta":[],"product_brand":[],"product_cat":[666],"product_tag":[],"class_list":{"0":"post-16444","1":"product","2":"type-product","3":"status-publish","4":"has-post-thumbnail","6":"product_cat-entonnoirs-bacs-de-drainage-verseurs-et-huileurs","7":"has-post-title","8":"has-post-date","9":"has-post-category","10":"has-post-tag","11":"has-post-comment","12":"has-post-author","13":"","14":"fullcover","16":"first","17":"instock","18":"taxable","19":"shipping-taxable","20":"purchasable","21":"product-type-simple"},"jetpack_sharing_enabled":true,"builder_content":"","_links":{"self":[{"href":"https:\/\/fittingsgo.com\/fr\/wp-json\/wp\/v2\/product\/16444","targetHints":{"allow":["GET"]}}],"collection":[{"href":"https:\/\/fittingsgo.com\/fr\/wp-json\/wp\/v2\/product"}],"about":[{"href":"https:\/\/fittingsgo.com\/fr\/wp-json\/wp\/v2\/types\/product"}],"replies":[{"embeddable":true,"href":"https:\/\/fittingsgo.com\/fr\/wp-json\/wp\/v2\/comments?post=16444"}],"wp:featuredmedia":[{"embeddable":true,"href":"https:\/\/fittingsgo.com\/fr\/wp-json\/wp\/v2\/media\/16442"}],"wp:attachment":[{"href":"https:\/\/fittingsgo.com\/fr\/wp-json\/wp\/v2\/media?parent=16444"}],"wp:term":[{"taxonomy":"product_brand","embeddable":true,"href":"https:\/\/fittingsgo.com\/fr\/wp-json\/wp\/v2\/product_brand?post=16444"},{"taxonomy":"product_cat","embeddable":true,"href":"https:\/\/fittingsgo.com\/fr\/wp-json\/wp\/v2\/product_cat?post=16444"},{"taxonomy":"product_tag","embeddable":true,"href":"https:\/\/fittingsgo.com\/fr\/wp-json\/wp\/v2\/product_tag?post=16444"}],"curies":[{"name":"wp","href":"https:\/\/api.w.org\/{rel}","templated":true}]}}