{"id":16435,"date":"2020-05-14T20:36:55","date_gmt":"2020-05-15T01:36:55","guid":{"rendered":"https:\/\/fittingsgo.com\/product\/huileur\/"},"modified":"2020-05-14T20:38:14","modified_gmt":"2020-05-15T01:38:14","slug":"huileur","status":"publish","type":"product","link":"https:\/\/fittingsgo.com\/fr\/produit\/huileur\/","title":{"rendered":"Huileur"},"content":{"rendered":"<p>13607<\/p>\n<div id=\"themify_builder_content-16435\" data-postid=\"16435\" class=\"themify_builder_content themify_builder_content-16435 themify_builder\">\n    <\/div>\n<!-- \/themify_builder_content -->\n","protected":false},"excerpt":{"rendered":"<p>Corps en acier sans soudure et m\u00e9canisme de pompe en laiton. Finition \u00e9maill\u00e9e durable. Fourni avec becs m\u00e9talliques flexibles et rigides.<br \/>\n7 oz<br \/>\nFabriqu\u00e9 par Dynaline<\/p>\n","protected":false},"featured_media":16434,"comment_status":"open","ping_status":"closed","template":"","meta":[],"product_brand":[],"product_cat":[666],"product_tag":[],"class_list":{"0":"post-16435","1":"product","2":"type-product","3":"status-publish","4":"has-post-thumbnail","6":"product_cat-entonnoirs-bacs-de-drainage-verseurs-et-huileurs","7":"has-post-title","8":"has-post-date","9":"has-post-category","10":"has-post-tag","11":"has-post-comment","12":"has-post-author","13":"","14":"fullcover","16":"first","17":"instock","18":"taxable","19":"shipping-taxable","20":"purchasable","21":"product-type-simple"},"jetpack_sharing_enabled":true,"builder_content":"","_links":{"self":[{"href":"https:\/\/fittingsgo.com\/fr\/wp-json\/wp\/v2\/product\/16435","targetHints":{"allow":["GET"]}}],"collection":[{"href":"https:\/\/fittingsgo.com\/fr\/wp-json\/wp\/v2\/product"}],"about":[{"href":"https:\/\/fittingsgo.com\/fr\/wp-json\/wp\/v2\/types\/product"}],"replies":[{"embeddable":true,"href":"https:\/\/fittingsgo.com\/fr\/wp-json\/wp\/v2\/comments?post=16435"}],"wp:featuredmedia":[{"embeddable":true,"href":"https:\/\/fittingsgo.com\/fr\/wp-json\/wp\/v2\/media\/16434"}],"wp:attachment":[{"href":"https:\/\/fittingsgo.com\/fr\/wp-json\/wp\/v2\/media?parent=16435"}],"wp:term":[{"taxonomy":"product_brand","embeddable":true,"href":"https:\/\/fittingsgo.com\/fr\/wp-json\/wp\/v2\/product_brand?post=16435"},{"taxonomy":"product_cat","embeddable":true,"href":"https:\/\/fittingsgo.com\/fr\/wp-json\/wp\/v2\/product_cat?post=16435"},{"taxonomy":"product_tag","embeddable":true,"href":"https:\/\/fittingsgo.com\/fr\/wp-json\/wp\/v2\/product_tag?post=16435"}],"curies":[{"name":"wp","href":"https:\/\/api.w.org\/{rel}","templated":true}]}}