{"id":16431,"date":"2020-05-14T20:25:01","date_gmt":"2020-05-15T01:25:01","guid":{"rendered":"https:\/\/fittingsgo.com\/product\/entonnoir-easy-flow\/"},"modified":"2020-05-14T20:26:23","modified_gmt":"2020-05-15T01:26:23","slug":"entonnoir-easy-flow","status":"publish","type":"product","link":"https:\/\/fittingsgo.com\/fr\/produit\/entonnoir-easy-flow\/","title":{"rendered":"Entonnoir \u00abEasy Flow\u00bb"},"content":{"rendered":"<p>13007<br \/>\nCAPACIT\u00c9 &#8211; 1L<br \/>\nLONGUEUR &#8211; 16 po<br \/>\nBEC &#8211; 1\/2 po<br \/>\nDIAM\u00c8TRE &#8211; 4,5 po<\/p>\n<div id=\"themify_builder_content-16431\" data-postid=\"16431\" class=\"themify_builder_content themify_builder_content-16431 themify_builder\">\n    <\/div>\n<!-- \/themify_builder_content -->\n","protected":false},"excerpt":{"rendered":"<p>Bec d\u00e9cal\u00e9 pour les zones difficiles d&#8217;acc\u00e8s. Pour les huiles et autres liquides moteur. Id\u00e9al pour les petits moteurs, tondeuses \u00e0 gazon, VTT, motos, tracteurs, g\u00e9n\u00e9rateurs, nettoyeurs haute pression, camions et \u00e9quipements motoris\u00e9s.<br \/>\nFabriqu\u00e9 par Dynaline<\/p>\n","protected":false},"featured_media":16430,"comment_status":"open","ping_status":"closed","template":"","meta":[],"product_brand":[],"product_cat":[666],"product_tag":[],"class_list":{"0":"post-16431","1":"product","2":"type-product","3":"status-publish","4":"has-post-thumbnail","6":"product_cat-entonnoirs-bacs-de-drainage-verseurs-et-huileurs","7":"has-post-title","8":"has-post-date","9":"has-post-category","10":"has-post-tag","11":"has-post-comment","12":"has-post-author","13":"","14":"fullcover","16":"first","17":"instock","18":"taxable","19":"shipping-taxable","20":"purchasable","21":"product-type-simple"},"jetpack_sharing_enabled":true,"builder_content":"","_links":{"self":[{"href":"https:\/\/fittingsgo.com\/fr\/wp-json\/wp\/v2\/product\/16431","targetHints":{"allow":["GET"]}}],"collection":[{"href":"https:\/\/fittingsgo.com\/fr\/wp-json\/wp\/v2\/product"}],"about":[{"href":"https:\/\/fittingsgo.com\/fr\/wp-json\/wp\/v2\/types\/product"}],"replies":[{"embeddable":true,"href":"https:\/\/fittingsgo.com\/fr\/wp-json\/wp\/v2\/comments?post=16431"}],"wp:featuredmedia":[{"embeddable":true,"href":"https:\/\/fittingsgo.com\/fr\/wp-json\/wp\/v2\/media\/16430"}],"wp:attachment":[{"href":"https:\/\/fittingsgo.com\/fr\/wp-json\/wp\/v2\/media?parent=16431"}],"wp:term":[{"taxonomy":"product_brand","embeddable":true,"href":"https:\/\/fittingsgo.com\/fr\/wp-json\/wp\/v2\/product_brand?post=16431"},{"taxonomy":"product_cat","embeddable":true,"href":"https:\/\/fittingsgo.com\/fr\/wp-json\/wp\/v2\/product_cat?post=16431"},{"taxonomy":"product_tag","embeddable":true,"href":"https:\/\/fittingsgo.com\/fr\/wp-json\/wp\/v2\/product_tag?post=16431"}],"curies":[{"name":"wp","href":"https:\/\/api.w.org\/{rel}","templated":true}]}}