{"id":16425,"date":"2020-05-14T20:09:36","date_gmt":"2020-05-15T01:09:36","guid":{"rendered":"https:\/\/fittingsgo.com\/product\/enduit-caoutchoute-gravlguard-pro-guard\/"},"modified":"2023-01-13T15:10:20","modified_gmt":"2023-01-13T20:10:20","slug":"enduit-caoutchoute-gravlguard-pro-guard","status":"publish","type":"product","link":"https:\/\/fittingsgo.com\/fr\/produit\/enduit-caoutchoute-gravlguard-pro-guard\/","title":{"rendered":"Enduit caoutchout\u00e9 \u00abgravlguard\u00bb Pro Guard"},"content":{"rendered":"<p>PF532<\/p>\n<div id=\"themify_builder_content-16425\" data-postid=\"16425\" class=\"themify_builder_content themify_builder_content-16425 themify_builder\">\n    <\/div>\n<!-- \/themify_builder_content -->\n","protected":false},"excerpt":{"rendered":"<p>Enduit caoutchout\u00e9 r\u00e9sistant, flexible et de texture moyenne qui peut \u00eatre peint. Lorsqu&#8217;il est appliqu\u00e9 sur les bas de caisses et les jupes, il procure une protection contre les \u00e9caillures et les autres formes d\u2019abrasion reli\u00e9es \u00e0 la route. Excellente adh\u00e9rence aux m\u00e9taux et aux plastiques (nus ou peints). Prot\u00e8ge contre la salet\u00e9 et isole des bruits de la route.<br \/>\nPEUT \u00caTRE PEINT<br \/>\nNOIR<br \/>\n560 g<br \/>\nFabriqu\u00e9 par Pro Form<\/p>\n","protected":false},"featured_media":16424,"comment_status":"open","ping_status":"closed","template":"","meta":[],"product_brand":[],"product_cat":[326],"product_tag":[],"class_list":{"0":"post-16425","1":"product","2":"type-product","3":"status-publish","4":"has-post-thumbnail","6":"product_cat-peintures-apprets-etc","7":"has-post-title","8":"has-post-date","9":"has-post-category","10":"has-post-tag","11":"has-post-comment","12":"has-post-author","13":"","14":"fullcover","16":"first","17":"instock","18":"taxable","19":"shipping-taxable","20":"purchasable","21":"product-type-simple"},"jetpack_sharing_enabled":true,"builder_content":"","_links":{"self":[{"href":"https:\/\/fittingsgo.com\/fr\/wp-json\/wp\/v2\/product\/16425","targetHints":{"allow":["GET"]}}],"collection":[{"href":"https:\/\/fittingsgo.com\/fr\/wp-json\/wp\/v2\/product"}],"about":[{"href":"https:\/\/fittingsgo.com\/fr\/wp-json\/wp\/v2\/types\/product"}],"replies":[{"embeddable":true,"href":"https:\/\/fittingsgo.com\/fr\/wp-json\/wp\/v2\/comments?post=16425"}],"wp:featuredmedia":[{"embeddable":true,"href":"https:\/\/fittingsgo.com\/fr\/wp-json\/wp\/v2\/media\/16424"}],"wp:attachment":[{"href":"https:\/\/fittingsgo.com\/fr\/wp-json\/wp\/v2\/media?parent=16425"}],"wp:term":[{"taxonomy":"product_brand","embeddable":true,"href":"https:\/\/fittingsgo.com\/fr\/wp-json\/wp\/v2\/product_brand?post=16425"},{"taxonomy":"product_cat","embeddable":true,"href":"https:\/\/fittingsgo.com\/fr\/wp-json\/wp\/v2\/product_cat?post=16425"},{"taxonomy":"product_tag","embeddable":true,"href":"https:\/\/fittingsgo.com\/fr\/wp-json\/wp\/v2\/product_tag?post=16425"}],"curies":[{"name":"wp","href":"https:\/\/api.w.org\/{rel}","templated":true}]}}