{"id":16414,"date":"2020-05-13T22:02:29","date_gmt":"2020-05-14T03:02:29","guid":{"rendered":"https:\/\/fittingsgo.com\/product\/nettoyant-a-batterie\/"},"modified":"2020-05-13T22:04:10","modified_gmt":"2020-05-14T03:04:10","slug":"nettoyant-a-batterie","status":"publish","type":"product","link":"https:\/\/fittingsgo.com\/fr\/produit\/nettoyant-a-batterie\/","title":{"rendered":"Nettoyant \u00e0 batterie"},"content":{"rendered":"<p>SA-8, SA8<br \/>\nApplications: Nettoyage de batteries et accessoires sur les v\u00e9hicules en entreposage,de syst\u00e8mes d\u2019alimentation d\u2019appoint, de c\u00e2bles et de bornes.<\/p>\n<div id=\"themify_builder_content-16414\" data-postid=\"16414\" class=\"themify_builder_content themify_builder_content-16414 themify_builder\">\n    <\/div>\n<!-- \/themify_builder_content -->\n","protected":false},"excerpt":{"rendered":"<p>&#8211; P\u00e9n\u00e8tre et \u00e9limine instantan\u00e9ment la corrosion, la salet\u00e9 et la crasse<br \/>\n&#8211; Prot\u00e8ge contre le la corrosion<br \/>\n&#8211; Agit rapidement<br \/>\n&#8211; P\u00e9n\u00e8tre, aucun d\u00e9montage requis<br \/>\nFabriqu\u00e9 par Permatex<\/p>\n","protected":false},"featured_media":16413,"comment_status":"open","ping_status":"closed","template":"","meta":[],"product_brand":[],"product_cat":[614],"product_tag":[],"class_list":{"0":"post-16414","1":"product","2":"type-product","3":"status-publish","4":"has-post-thumbnail","6":"product_cat-nettoyants-de-freins-dadmission-de-carburants-et-electriques","7":"has-post-title","8":"has-post-date","9":"has-post-category","10":"has-post-tag","11":"has-post-comment","12":"has-post-author","13":"","14":"fullcover","16":"first","17":"instock","18":"taxable","19":"shipping-taxable","20":"purchasable","21":"product-type-simple"},"jetpack_sharing_enabled":true,"builder_content":"","_links":{"self":[{"href":"https:\/\/fittingsgo.com\/fr\/wp-json\/wp\/v2\/product\/16414","targetHints":{"allow":["GET"]}}],"collection":[{"href":"https:\/\/fittingsgo.com\/fr\/wp-json\/wp\/v2\/product"}],"about":[{"href":"https:\/\/fittingsgo.com\/fr\/wp-json\/wp\/v2\/types\/product"}],"replies":[{"embeddable":true,"href":"https:\/\/fittingsgo.com\/fr\/wp-json\/wp\/v2\/comments?post=16414"}],"wp:featuredmedia":[{"embeddable":true,"href":"https:\/\/fittingsgo.com\/fr\/wp-json\/wp\/v2\/media\/16413"}],"wp:attachment":[{"href":"https:\/\/fittingsgo.com\/fr\/wp-json\/wp\/v2\/media?parent=16414"}],"wp:term":[{"taxonomy":"product_brand","embeddable":true,"href":"https:\/\/fittingsgo.com\/fr\/wp-json\/wp\/v2\/product_brand?post=16414"},{"taxonomy":"product_cat","embeddable":true,"href":"https:\/\/fittingsgo.com\/fr\/wp-json\/wp\/v2\/product_cat?post=16414"},{"taxonomy":"product_tag","embeddable":true,"href":"https:\/\/fittingsgo.com\/fr\/wp-json\/wp\/v2\/product_tag?post=16414"}],"curies":[{"name":"wp","href":"https:\/\/api.w.org\/{rel}","templated":true}]}}