{"id":16406,"date":"2020-05-13T21:49:35","date_gmt":"2020-05-14T02:49:35","guid":{"rendered":"https:\/\/fittingsgo.com\/product\/mastic-epoxy-steelstik-de-jb-weld\/"},"modified":"2020-05-13T21:53:39","modified_gmt":"2020-05-14T02:53:39","slug":"mastic-epoxy-steelstik-de-jb-weld","status":"publish","type":"product","link":"https:\/\/fittingsgo.com\/fr\/produit\/mastic-epoxy-steelstik-de-jb-weld\/","title":{"rendered":"Mastic \u00e9poxy \u00abSteelstik\u00bb de JB Weld"},"content":{"rendered":"<p>8267SCAN, 8267CAN<br \/>\nApr\u00e8s le m\u00e9lange, il forme un compos\u00e9 polym\u00e8re de r\u00e9sistance industrielle qui peut \u00eatre moul\u00e9 en formes ou utilis\u00e9 pour construire, rapi\u00e9cer et r\u00e9parer des composants en acier. Les kits SteelStik en 3-5 minutes et apr\u00e8s 60 minutes, peuvent \u00eatre perc\u00e9s, taraud\u00e9s, usin\u00e9s, rectifi\u00e9s, lim\u00e9s et peints. SteelStik durcit \u00e0 une couleur gris fonc\u00e9, est \u00e9valu\u00e9 \u00e0 une r\u00e9sistance \u00e0 la traction de 900 PSI et r\u00e9sistera \u00e0 des temp\u00e9ratures jusqu&#8217;\u00e0 300\u00baF.<\/p>\n<div id=\"themify_builder_content-16406\" data-postid=\"16406\" class=\"themify_builder_content themify_builder_content-16406 themify_builder\">\n    <\/div>\n<!-- \/themify_builder_content -->\n","protected":false},"excerpt":{"rendered":"<p>SteelStik est un mastic \u00e9poxy non rouill\u00e9, renforc\u00e9 \u00e0 l&#8217;acier, m\u00e9langeable \u00e0 la main, qui r\u00e9pare ou reconstruit rapidement tout ce qui est en m\u00e9tal.<br \/>\nFabriqu\u00e9 par JB Weld<\/p>\n","protected":false},"featured_media":16403,"comment_status":"open","ping_status":"closed","template":"","meta":[],"product_brand":[],"product_cat":[427],"product_tag":[],"class_list":{"0":"post-16406","1":"product","2":"type-product","3":"status-publish","4":"has-post-thumbnail","6":"product_cat-silicones-et-adhesifs","7":"has-post-title","8":"has-post-date","9":"has-post-category","10":"has-post-tag","11":"has-post-comment","12":"has-post-author","13":"","14":"fullcover","16":"first","17":"instock","18":"taxable","19":"shipping-taxable","20":"purchasable","21":"product-type-simple"},"jetpack_sharing_enabled":true,"builder_content":"","_links":{"self":[{"href":"https:\/\/fittingsgo.com\/fr\/wp-json\/wp\/v2\/product\/16406","targetHints":{"allow":["GET"]}}],"collection":[{"href":"https:\/\/fittingsgo.com\/fr\/wp-json\/wp\/v2\/product"}],"about":[{"href":"https:\/\/fittingsgo.com\/fr\/wp-json\/wp\/v2\/types\/product"}],"replies":[{"embeddable":true,"href":"https:\/\/fittingsgo.com\/fr\/wp-json\/wp\/v2\/comments?post=16406"}],"wp:featuredmedia":[{"embeddable":true,"href":"https:\/\/fittingsgo.com\/fr\/wp-json\/wp\/v2\/media\/16403"}],"wp:attachment":[{"href":"https:\/\/fittingsgo.com\/fr\/wp-json\/wp\/v2\/media?parent=16406"}],"wp:term":[{"taxonomy":"product_brand","embeddable":true,"href":"https:\/\/fittingsgo.com\/fr\/wp-json\/wp\/v2\/product_brand?post=16406"},{"taxonomy":"product_cat","embeddable":true,"href":"https:\/\/fittingsgo.com\/fr\/wp-json\/wp\/v2\/product_cat?post=16406"},{"taxonomy":"product_tag","embeddable":true,"href":"https:\/\/fittingsgo.com\/fr\/wp-json\/wp\/v2\/product_tag?post=16406"}],"curies":[{"name":"wp","href":"https:\/\/api.w.org\/{rel}","templated":true}]}}