{"id":16266,"date":"2020-05-06T22:24:52","date_gmt":"2020-05-07T03:24:52","guid":{"rendered":"https:\/\/fittingsgo.com\/product\/verins-universels\/"},"modified":"2024-03-17T16:01:08","modified_gmt":"2024-03-17T21:01:08","slug":"verins-universels","status":"publish","type":"product","link":"https:\/\/fittingsgo.com\/fr\/produit\/verins-universels\/","title":{"rendered":"V\u00e9rins universels"},"content":{"rendered":"<p>SOLUTIONS MULTI-USAGES<br \/>\n&#8211; Fen\u00eatres Camper Shell<br \/>\n&#8211; Auvents \/ Auvents<br \/>\n&#8211; Couvertures pour ordinateur \/ imprimante<br \/>\n&#8211; Machines agricoles<br \/>\n&#8211; Conteneurs \u00e0 ordures<br \/>\n&#8211; Voiturettes de golf<br \/>\n&#8211; Grills \/ Fumeurs<br \/>\n&#8211; Trappes marines<br \/>\n&#8211; Bacs sup\u00e9rieurs<br \/>\n&#8211; Fen\u00eatres pour VR \/ Portes<br \/>\n&#8211; Conteneurs de stockage<br \/>\n&#8211; Lits de bronzage<br \/>\n&#8211; Bo\u00eetes \u00e0 outils<br \/>\n&#8211; Coffrets jouets \/ Bancs de piano<br \/>\n&#8211; Couvertures de camion Tonneau<br \/>\n&#8211; V\u00e9hicules utilitaires<br \/>\n<a href=\"https:\/\/fittingsgo.com\/wp-content\/uploads\/2020\/05\/strongarm-universal-lift-supports.pdf\" target=\"_blank\" rel=\"noopener noreferrer\">strongarm-universal-lift-supports<\/a><\/p>\n<div id=\"themify_builder_content-16266\" data-postid=\"16266\" class=\"themify_builder_content themify_builder_content-16266 themify_builder\">\n    <\/div>\n<!-- \/themify_builder_content -->\n","protected":false},"excerpt":{"rendered":"<p>V\u00e9rins de levage \u00e0 gaz Strongarm<br \/>\nR\u00e9pond ou d\u00e9passe toutes les normes de qualit\u00e9 du fabricant d&#8217;\u00e9quipement d&#8217;origine. Il n\u2019existe pas sur le march\u00e9 de support d\u2019ascenseur qui puisse surpasser la norme d\u2019excellence de StrongArm en mati\u00e8re de s\u00e9curit\u00e9, de technologie, de polyvalence et de facilit\u00e9 d\u2019installation.<\/p>\n","protected":false},"featured_media":16263,"comment_status":"open","ping_status":"closed","template":"","meta":[],"product_brand":[],"product_cat":[663],"product_tag":[],"class_list":{"0":"post-16266","1":"product","2":"type-product","3":"status-publish","4":"has-post-thumbnail","6":"product_cat-verins-de-capot-et-coffre","7":"has-post-title","8":"has-post-date","9":"has-post-category","10":"has-post-tag","11":"has-post-comment","12":"has-post-author","13":"","14":"fullcover","16":"first","17":"instock","18":"taxable","19":"shipping-taxable","20":"purchasable","21":"product-type-variable"},"jetpack_sharing_enabled":true,"builder_content":"","_links":{"self":[{"href":"https:\/\/fittingsgo.com\/fr\/wp-json\/wp\/v2\/product\/16266","targetHints":{"allow":["GET"]}}],"collection":[{"href":"https:\/\/fittingsgo.com\/fr\/wp-json\/wp\/v2\/product"}],"about":[{"href":"https:\/\/fittingsgo.com\/fr\/wp-json\/wp\/v2\/types\/product"}],"replies":[{"embeddable":true,"href":"https:\/\/fittingsgo.com\/fr\/wp-json\/wp\/v2\/comments?post=16266"}],"wp:featuredmedia":[{"embeddable":true,"href":"https:\/\/fittingsgo.com\/fr\/wp-json\/wp\/v2\/media\/16263"}],"wp:attachment":[{"href":"https:\/\/fittingsgo.com\/fr\/wp-json\/wp\/v2\/media?parent=16266"}],"wp:term":[{"taxonomy":"product_brand","embeddable":true,"href":"https:\/\/fittingsgo.com\/fr\/wp-json\/wp\/v2\/product_brand?post=16266"},{"taxonomy":"product_cat","embeddable":true,"href":"https:\/\/fittingsgo.com\/fr\/wp-json\/wp\/v2\/product_cat?post=16266"},{"taxonomy":"product_tag","embeddable":true,"href":"https:\/\/fittingsgo.com\/fr\/wp-json\/wp\/v2\/product_tag?post=16266"}],"curies":[{"name":"wp","href":"https:\/\/api.w.org\/{rel}","templated":true}]}}