{"id":16180,"date":"2020-05-05T21:30:16","date_gmt":"2020-05-06T02:30:16","guid":{"rendered":"https:\/\/fittingsgo.com\/product\/diesel-purge-de-liqui-moly\/"},"modified":"2020-05-05T21:32:03","modified_gmt":"2020-05-06T02:32:03","slug":"diesel-purge-de-liqui-moly","status":"publish","type":"product","link":"https:\/\/fittingsgo.com\/fr\/produit\/diesel-purge-de-liqui-moly\/","title":{"rendered":"\u00abDiesel Purge\u00bb de Liqui Moly"},"content":{"rendered":"<p>LM7704<br \/>\nPour tous les moteurs diesel avec et sans filtres \u00e0 particules diesel. Pr\u00e9ventif lors de chaque inspection, apr\u00e8s des r\u00e9parations sur le syst\u00e8me de carburant ou pour r\u00e9soudre des probl\u00e8mes (voir la description de l&#8217;application sur le pack ou dans la fiche technique). Turbocompresseur test\u00e9. Parfaitement compatible avec tous les carburants diesel et biodiesel conventionnels. Le contenu des bidons est suffisant pour jusqu&#8217;\u00e0 75 l de carburant.<\/p>\n<div id=\"themify_builder_content-16180\" data-postid=\"16180\" class=\"themify_builder_content themify_builder_content-16180 themify_builder\">\n    <\/div>\n<!-- \/themify_builder_content -->\n","protected":false},"excerpt":{"rendered":"<p>\u00c9limine les d\u00e9p\u00f4ts sur les buses d&#8217;injection et dans la chambre de combustion. Augmente l&#8217;indice de c\u00e9tane. \u00c9limine les probl\u00e8mes de fonctionnement du moteur tels que le cliquetis au ralenti et assure un fonctionnement rond et silencieux du moteur. Prot\u00e8ge l&#8217;ensemble du syst\u00e8me d&#8217;alimentation contre la corrosion. Optimise les valeurs des tests d&#8217;\u00e9mission. Peut \u00e9galement \u00eatre utilis\u00e9 \u00e0 titre pr\u00e9ventif. Les moteurs propres n\u00e9cessitent moins de carburant et r\u00e9duisent les \u00e9missions.<br \/>\nFabriqu\u00e9 par Liqui Moly<\/p>\n","protected":false},"featured_media":16179,"comment_status":"open","ping_status":"closed","template":"","meta":[],"product_brand":[],"product_cat":[629],"product_tag":[],"class_list":{"0":"post-16180","1":"product","2":"type-product","3":"status-publish","4":"has-post-thumbnail","6":"product_cat-additifs-de-diesel","7":"has-post-title","8":"has-post-date","9":"has-post-category","10":"has-post-tag","11":"has-post-comment","12":"has-post-author","13":"","14":"fullcover","16":"first","17":"instock","18":"taxable","19":"shipping-taxable","20":"purchasable","21":"product-type-simple"},"jetpack_sharing_enabled":true,"builder_content":"","_links":{"self":[{"href":"https:\/\/fittingsgo.com\/fr\/wp-json\/wp\/v2\/product\/16180","targetHints":{"allow":["GET"]}}],"collection":[{"href":"https:\/\/fittingsgo.com\/fr\/wp-json\/wp\/v2\/product"}],"about":[{"href":"https:\/\/fittingsgo.com\/fr\/wp-json\/wp\/v2\/types\/product"}],"replies":[{"embeddable":true,"href":"https:\/\/fittingsgo.com\/fr\/wp-json\/wp\/v2\/comments?post=16180"}],"wp:featuredmedia":[{"embeddable":true,"href":"https:\/\/fittingsgo.com\/fr\/wp-json\/wp\/v2\/media\/16179"}],"wp:attachment":[{"href":"https:\/\/fittingsgo.com\/fr\/wp-json\/wp\/v2\/media?parent=16180"}],"wp:term":[{"taxonomy":"product_brand","embeddable":true,"href":"https:\/\/fittingsgo.com\/fr\/wp-json\/wp\/v2\/product_brand?post=16180"},{"taxonomy":"product_cat","embeddable":true,"href":"https:\/\/fittingsgo.com\/fr\/wp-json\/wp\/v2\/product_cat?post=16180"},{"taxonomy":"product_tag","embeddable":true,"href":"https:\/\/fittingsgo.com\/fr\/wp-json\/wp\/v2\/product_tag?post=16180"}],"curies":[{"name":"wp","href":"https:\/\/api.w.org\/{rel}","templated":true}]}}