{"id":16176,"date":"2020-05-05T21:25:53","date_gmt":"2020-05-06T02:25:53","guid":{"rendered":"https:\/\/fittingsgo.com\/product\/diesel-particulate-filter-protector-de-liqui-moly\/"},"modified":"2020-05-05T21:26:44","modified_gmt":"2020-05-06T02:26:44","slug":"diesel-particulate-filter-protector-de-liqui-moly","status":"publish","type":"product","link":"https:\/\/fittingsgo.com\/fr\/produit\/diesel-particulate-filter-protector-de-liqui-moly\/","title":{"rendered":"\u00abDiesel Particulate Filter Protector\u00bb de Liqui Moly"},"content":{"rendered":"<p>LM7703<\/p>\n<div id=\"themify_builder_content-16176\" data-postid=\"16176\" class=\"themify_builder_content themify_builder_content-16176 themify_builder\">\n    <\/div>\n<!-- \/themify_builder_content -->\n","protected":false},"excerpt":{"rendered":"<p>Assure une combustion optimale du carburant, r\u00e9duit la formation de suie, r\u00e9duit les \u00e9missions et prolonge la dur\u00e9e de vie des filtres \u00e0 particules diesel. Les v\u00e9hicules utilis\u00e9s pour les trajets courts et la circulation urbaine sont particuli\u00e8rement affect\u00e9s par les filtres \u00e0 particules diesel obstru\u00e9s. Une utilisation r\u00e9guli\u00e8re maintient le filtre \u00e0 particules diesel propre, \u00e9vitant des r\u00e9parations co\u00fbteuses et des temps d&#8217;arr\u00eat.<br \/>\nFabriqu\u00e9 par Liqui Moly<\/p>\n","protected":false},"featured_media":16175,"comment_status":"open","ping_status":"closed","template":"","meta":[],"product_brand":[],"product_cat":[629],"product_tag":[],"class_list":{"0":"post-16176","1":"product","2":"type-product","3":"status-publish","4":"has-post-thumbnail","6":"product_cat-additifs-de-diesel","7":"has-post-title","8":"has-post-date","9":"has-post-category","10":"has-post-tag","11":"has-post-comment","12":"has-post-author","13":"","14":"fullcover","16":"first","17":"outofstock","18":"taxable","19":"shipping-taxable","20":"purchasable","21":"product-type-simple"},"jetpack_sharing_enabled":true,"builder_content":"","_links":{"self":[{"href":"https:\/\/fittingsgo.com\/fr\/wp-json\/wp\/v2\/product\/16176","targetHints":{"allow":["GET"]}}],"collection":[{"href":"https:\/\/fittingsgo.com\/fr\/wp-json\/wp\/v2\/product"}],"about":[{"href":"https:\/\/fittingsgo.com\/fr\/wp-json\/wp\/v2\/types\/product"}],"replies":[{"embeddable":true,"href":"https:\/\/fittingsgo.com\/fr\/wp-json\/wp\/v2\/comments?post=16176"}],"wp:featuredmedia":[{"embeddable":true,"href":"https:\/\/fittingsgo.com\/fr\/wp-json\/wp\/v2\/media\/16175"}],"wp:attachment":[{"href":"https:\/\/fittingsgo.com\/fr\/wp-json\/wp\/v2\/media?parent=16176"}],"wp:term":[{"taxonomy":"product_brand","embeddable":true,"href":"https:\/\/fittingsgo.com\/fr\/wp-json\/wp\/v2\/product_brand?post=16176"},{"taxonomy":"product_cat","embeddable":true,"href":"https:\/\/fittingsgo.com\/fr\/wp-json\/wp\/v2\/product_cat?post=16176"},{"taxonomy":"product_tag","embeddable":true,"href":"https:\/\/fittingsgo.com\/fr\/wp-json\/wp\/v2\/product_tag?post=16176"}],"curies":[{"name":"wp","href":"https:\/\/api.w.org\/{rel}","templated":true}]}}