{"id":16172,"date":"2020-05-05T21:20:52","date_gmt":"2020-05-06T02:20:52","guid":{"rendered":"https:\/\/fittingsgo.com\/product\/super-diesel-additive-de-liqui-moly\/"},"modified":"2020-05-05T21:28:07","modified_gmt":"2020-05-06T02:28:07","slug":"super-diesel-additive-de-liqui-moly","status":"publish","type":"product","link":"https:\/\/fittingsgo.com\/fr\/produit\/super-diesel-additive-de-liqui-moly\/","title":{"rendered":"\u00abSuper Diesel Additive\u00bb de Liqui Moly"},"content":{"rendered":"<p>LM7702<br \/>\nConvient \u00e0 tous les moteurs diesel avec et sans filtre \u00e0 particules diesel. Pr\u00e9ventif ou r\u00e9parateur. Enti\u00e8rement compatible avec tous les carburants diesel et biodiesel conventionnels. 250 ml suffisent pour jusqu&#8217;\u00e0 75 l de carburant (dosage 1: 300). L&#8217;effet persiste jusqu&#8217;\u00e0 2 000 km. Test\u00e9 pour la compatibilit\u00e9 avec les turbocompresseurs.<\/p>\n<div id=\"themify_builder_content-16172\" data-postid=\"16172\" class=\"themify_builder_content themify_builder_content-16172 themify_builder\">\n    <\/div>\n<!-- \/themify_builder_content -->\n","protected":false},"excerpt":{"rendered":"<p>\u00c9limine les d\u00e9p\u00f4ts dans le syst\u00e8me d&#8217;injection diesel et dans la chambre de combustion et emp\u00eache les nouveaux d\u00e9p\u00f4ts. Entretient tous les composants du syst\u00e8me d&#8217;injection diesel. Emp\u00eache tout grippage et gommage des aiguilles des buses. Augmente l&#8217;indice de c\u00e9tane, am\u00e9liore les performances d&#8217;allumage du carburant diesel et assure le bon fonctionnement du moteur. Prot\u00e8ge l&#8217;ensemble du syst\u00e8me d&#8217;alimentation contre la corrosion et l&#8217;usure. Optimise les valeurs d&#8217;essai d&#8217;\u00e9mission et les performances du moteur. Les moteurs propres consomment moins de carburant et r\u00e9duisent les \u00e9missions de polluants.<br \/>\nFabriqu\u00e9 par Liqui Moly<\/p>\n","protected":false},"featured_media":16171,"comment_status":"open","ping_status":"closed","template":"","meta":[],"product_brand":[],"product_cat":[629],"product_tag":[],"class_list":{"0":"post-16172","1":"product","2":"type-product","3":"status-publish","4":"has-post-thumbnail","6":"product_cat-additifs-de-diesel","7":"has-post-title","8":"has-post-date","9":"has-post-category","10":"has-post-tag","11":"has-post-comment","12":"has-post-author","13":"","14":"fullcover","16":"first","17":"instock","18":"taxable","19":"shipping-taxable","20":"purchasable","21":"product-type-simple"},"jetpack_sharing_enabled":true,"builder_content":"","_links":{"self":[{"href":"https:\/\/fittingsgo.com\/fr\/wp-json\/wp\/v2\/product\/16172","targetHints":{"allow":["GET"]}}],"collection":[{"href":"https:\/\/fittingsgo.com\/fr\/wp-json\/wp\/v2\/product"}],"about":[{"href":"https:\/\/fittingsgo.com\/fr\/wp-json\/wp\/v2\/types\/product"}],"replies":[{"embeddable":true,"href":"https:\/\/fittingsgo.com\/fr\/wp-json\/wp\/v2\/comments?post=16172"}],"wp:featuredmedia":[{"embeddable":true,"href":"https:\/\/fittingsgo.com\/fr\/wp-json\/wp\/v2\/media\/16171"}],"wp:attachment":[{"href":"https:\/\/fittingsgo.com\/fr\/wp-json\/wp\/v2\/media?parent=16172"}],"wp:term":[{"taxonomy":"product_brand","embeddable":true,"href":"https:\/\/fittingsgo.com\/fr\/wp-json\/wp\/v2\/product_brand?post=16172"},{"taxonomy":"product_cat","embeddable":true,"href":"https:\/\/fittingsgo.com\/fr\/wp-json\/wp\/v2\/product_cat?post=16172"},{"taxonomy":"product_tag","embeddable":true,"href":"https:\/\/fittingsgo.com\/fr\/wp-json\/wp\/v2\/product_tag?post=16172"}],"curies":[{"name":"wp","href":"https:\/\/api.w.org\/{rel}","templated":true}]}}