{"id":16168,"date":"2020-05-05T21:15:35","date_gmt":"2020-05-06T02:15:35","guid":{"rendered":"https:\/\/fittingsgo.com\/product\/dorman-3-8-po-1-2-po-5-8-po-3-4po-02253\/"},"modified":"2020-05-05T21:17:27","modified_gmt":"2020-05-06T02:17:27","slug":"dorman-3-8-po-1-2-po-5-8-po-3-4po-02253","status":"publish","type":"product","link":"https:\/\/fittingsgo.com\/fr\/produit\/dorman-3-8-po-1-2-po-5-8-po-3-4po-02253\/","title":{"rendered":"Dorman 3\/8 po, 1\/2 po, 5\/8 po, 3\/4po 02253"},"content":{"rendered":"<p>02253<\/p>\n<div id=\"themify_builder_content-16168\" data-postid=\"16168\" class=\"themify_builder_content themify_builder_content-16168 themify_builder\">\n    <\/div>\n<!-- \/themify_builder_content -->\n","protected":false},"excerpt":{"rendered":"<p>Capuchons pour presque tous les travaux de r\u00e9paration automobile. Tous nos casquettes sous vide sont construits avec des mat\u00e9riaux de haute qualit\u00e9 pour une durabilit\u00e9 \u00e0 long terme.<br \/>\n&#8211; Con\u00e7u en vinyle durable et r\u00e9sistant \u00e0 la chaleur<br \/>\n&#8211; Fournit un ajustement serr\u00e9 pour \u00e9viter les fuites de vide<br \/>\n&#8211; Excellent pour boucher les conduites et les tuyaux tout en testant les carburateurs, les syst\u00e8mes de contr\u00f4le des \u00e9missions, les conduites \u00e0 vide, etc.<br \/>\n&#8211; 2 de chaque: 3\/8 po, 1\/2 po, 5\/8 po, 3\/4 po<br \/>\nFabriqu\u00e9 par Dorman<\/p>\n","protected":false},"featured_media":11199,"comment_status":"open","ping_status":"closed","template":"","meta":[],"product_brand":[],"product_cat":[661],"product_tag":[],"class_list":{"0":"post-16168","1":"product","2":"type-product","3":"status-publish","4":"has-post-thumbnail","6":"product_cat-capuchons-et-bouchons","7":"has-post-title","8":"has-post-date","9":"has-post-category","10":"has-post-tag","11":"has-post-comment","12":"has-post-author","13":"","14":"fullcover","16":"first","17":"instock","18":"taxable","19":"shipping-taxable","20":"purchasable","21":"product-type-simple"},"jetpack_sharing_enabled":true,"builder_content":"","_links":{"self":[{"href":"https:\/\/fittingsgo.com\/fr\/wp-json\/wp\/v2\/product\/16168","targetHints":{"allow":["GET"]}}],"collection":[{"href":"https:\/\/fittingsgo.com\/fr\/wp-json\/wp\/v2\/product"}],"about":[{"href":"https:\/\/fittingsgo.com\/fr\/wp-json\/wp\/v2\/types\/product"}],"replies":[{"embeddable":true,"href":"https:\/\/fittingsgo.com\/fr\/wp-json\/wp\/v2\/comments?post=16168"}],"wp:featuredmedia":[{"embeddable":true,"href":"https:\/\/fittingsgo.com\/fr\/wp-json\/wp\/v2\/media\/11199"}],"wp:attachment":[{"href":"https:\/\/fittingsgo.com\/fr\/wp-json\/wp\/v2\/media?parent=16168"}],"wp:term":[{"taxonomy":"product_brand","embeddable":true,"href":"https:\/\/fittingsgo.com\/fr\/wp-json\/wp\/v2\/product_brand?post=16168"},{"taxonomy":"product_cat","embeddable":true,"href":"https:\/\/fittingsgo.com\/fr\/wp-json\/wp\/v2\/product_cat?post=16168"},{"taxonomy":"product_tag","embeddable":true,"href":"https:\/\/fittingsgo.com\/fr\/wp-json\/wp\/v2\/product_tag?post=16168"}],"curies":[{"name":"wp","href":"https:\/\/api.w.org\/{rel}","templated":true}]}}