{"id":16085,"date":"2020-05-03T21:42:58","date_gmt":"2020-05-04T02:42:58","guid":{"rendered":"https:\/\/fittingsgo.com\/product\/tcc-07-traitement-pour-catalyseur-de-camion\/"},"modified":"2020-05-03T21:47:47","modified_gmt":"2020-05-04T02:47:47","slug":"tcc-07-traitement-pour-catalyseur-de-camion","status":"publish","type":"product","link":"https:\/\/fittingsgo.com\/fr\/produit\/tcc-07-traitement-pour-catalyseur-de-camion\/","title":{"rendered":"TCC-07  Traitement pour catalyseur de camion"},"content":{"rendered":"<p>387001, 387004<br \/>\nCaract\u00e9ristiques et B\u00e9n\u00e9fices<br \/>\nIncorpore les fonctions de catalyseur de combustion et de d\u00e9tergence.<\/p>\n<p>R\u00e9duit drastiquement la fr\u00e9quence des r\u00e9g\u00e9n\u00e9rations du filtre \u00e0 particules. En agglom\u00e9rant les particules elles deviennent plus faciles \u00e0 arr\u00eater par le filtre ultrafin. R\u00e9g\u00e9n\u00e9ration plus profonde et plus compl\u00e8te du filtre \u00e0 particules. Ram\u00e8ne le diff\u00e9rentiel de pression \u00e0 une valeur s&#8217;approchant de celle du filtre neuf. \u00c9conomise du carburant lors de la r\u00e9g\u00e9n\u00e9ration tout en augmentant la dur\u00e9e de vie du filtre.<\/p>\n<p>R\u00e9duit de fa\u00e7on significative les \u00e9missions incluant opacit\u00e9, particules, particules ultrafines, HC, NOx, CO avant et apr\u00e8s le catalyseur-DPF.<\/p>\n<p>Facilite et acc\u00e9l\u00e8re la r\u00e9action dans la chambre de combustion. Transforme une plus grande portion du diesel en \u00e9nergie m\u00e9canique-motrice au lieu de chaleur; ce qui permet une combustion plus compl\u00e8te, plus de HP disponible et un &#8216;static torque&#8217; plus \u00e9lev\u00e9. R\u00e9duction de consommation et de GES si la demande en HP reste constante. R\u00e9duit la temp\u00e9rature de r\u00e9g\u00e9n\u00e9ration du DPF.<br \/>\nMode d&#8217;emploi<br \/>\nAjouter directement au carburant diesel \u00e0 un ratio de 1 :2000.<\/p>\n<p>Exemple, 4 litres de TCC-07 pour 8,000 litres de carburant diesel.<\/p>\n<div id=\"themify_builder_content-16085\" data-postid=\"16085\" class=\"themify_builder_content themify_builder_content-16085 themify_builder\">\n    <\/div>\n<!-- \/themify_builder_content -->\n","protected":false},"excerpt":{"rendered":"<p>Le TCC-07 est un traitement pour catalyseurs de camion exclusif \u00e0 Prolab. Ajout\u00e9 au carburant diesel (ULSD ou LSD), il est adapt\u00e9 pour les nouveaux moteurs avec pression d&#8217;injection \u00e9lev\u00e9e munis ou non de DPF, EGR, catalyseur, ur\u00e9e.<br \/>\nLe TCC-07 est con\u00e7u pour r\u00e9duire la consommation, les GES, les particules de suies \u00e9mises (opacit\u00e9), la fr\u00e9quence de r\u00e9g\u00e9n\u00e9ration active sur les DPF et augmenter la durabilit\u00e9 des filtres \u00e0 particules.<br \/>\nFabriqu\u00e9 par Prolab<\/p>\n","protected":false},"featured_media":16084,"comment_status":"open","ping_status":"closed","template":"","meta":[],"product_brand":[],"product_cat":[629],"product_tag":[],"class_list":{"0":"post-16085","1":"product","2":"type-product","3":"status-publish","4":"has-post-thumbnail","6":"product_cat-additifs-de-diesel","7":"has-post-title","8":"has-post-date","9":"has-post-category","10":"has-post-tag","11":"has-post-comment","12":"has-post-author","13":"","14":"fullcover","16":"first","17":"instock","18":"taxable","19":"shipping-taxable","20":"purchasable","21":"product-type-variable"},"jetpack_sharing_enabled":true,"builder_content":"","_links":{"self":[{"href":"https:\/\/fittingsgo.com\/fr\/wp-json\/wp\/v2\/product\/16085","targetHints":{"allow":["GET"]}}],"collection":[{"href":"https:\/\/fittingsgo.com\/fr\/wp-json\/wp\/v2\/product"}],"about":[{"href":"https:\/\/fittingsgo.com\/fr\/wp-json\/wp\/v2\/types\/product"}],"replies":[{"embeddable":true,"href":"https:\/\/fittingsgo.com\/fr\/wp-json\/wp\/v2\/comments?post=16085"}],"wp:featuredmedia":[{"embeddable":true,"href":"https:\/\/fittingsgo.com\/fr\/wp-json\/wp\/v2\/media\/16084"}],"wp:attachment":[{"href":"https:\/\/fittingsgo.com\/fr\/wp-json\/wp\/v2\/media?parent=16085"}],"wp:term":[{"taxonomy":"product_brand","embeddable":true,"href":"https:\/\/fittingsgo.com\/fr\/wp-json\/wp\/v2\/product_brand?post=16085"},{"taxonomy":"product_cat","embeddable":true,"href":"https:\/\/fittingsgo.com\/fr\/wp-json\/wp\/v2\/product_cat?post=16085"},{"taxonomy":"product_tag","embeddable":true,"href":"https:\/\/fittingsgo.com\/fr\/wp-json\/wp\/v2\/product_tag?post=16085"}],"curies":[{"name":"wp","href":"https:\/\/api.w.org\/{rel}","templated":true}]}}