{"id":16072,"date":"2020-05-03T21:23:28","date_gmt":"2020-05-04T02:23:28","guid":{"rendered":"https:\/\/fittingsgo.com\/product\/dbf-4-conditionneur-de-carburant-diesel\/"},"modified":"2020-05-03T21:26:28","modified_gmt":"2020-05-04T02:26:28","slug":"dbf-4-conditionneur-de-carburant-diesel","status":"publish","type":"product","link":"https:\/\/fittingsgo.com\/fr\/produit\/dbf-4-conditionneur-de-carburant-diesel\/","title":{"rendered":"DBF-4 Conditionneur de carburant diesel"},"content":{"rendered":"<p>390001, 390170<br \/>\nMode d&#8217;emploi<br \/>\n&#8211; Ajoutez le DBF-4 dans le carburant diesel ou dans l&#8217;huile \u00e0 chauffage. Pour un rendement optimal, nous recommandons un taux de dilution de 1 partie pour 2000.<br \/>\n&#8211; Pour les camions de transports routiers poss\u00e9dant un r\u00e9servoir de 100 gallons (455 litres): ajoutez 220 ml de DBF-4.<br \/>\n&#8211; Pour les camions de transports routiers poss\u00e9dant un r\u00e9servoir de 150 gallons (682 litres): ajoutez 340 ml de DBF-4.<\/p>\n<p>Dosages recommand\u00e9s:<br \/>\nAutomobile: 20 ml traitent 40 litres.<br \/>\nCamionnette: 50 ml traitent 100 litres.       <\/p>\n<div id=\"themify_builder_content-16072\" data-postid=\"16072\" class=\"themify_builder_content themify_builder_content-16072 themify_builder\">\n    <\/div>\n<!-- \/themify_builder_content -->\n","protected":false},"excerpt":{"rendered":"<p>Le DBF-4 avec lubrifiant est le conditionneur de carburant diesel le plus complet et le plus performant sur le march\u00e9. Sa formule exclusive et super concentr\u00e9e comporte un compos\u00e9 organique de synth\u00e8se qui offre une miscibilit\u00e9 compl\u00e8te avec tous les types de carburant diesel et d&#8217;huile \u00e0 chauffage.<br \/>\nFabriqu\u00e9 par Prolab<\/p>\n","protected":false},"featured_media":16071,"comment_status":"open","ping_status":"closed","template":"","meta":[],"product_brand":[],"product_cat":[629],"product_tag":[],"class_list":{"0":"post-16072","1":"product","2":"type-product","3":"status-publish","4":"has-post-thumbnail","6":"product_cat-additifs-de-diesel","7":"has-post-title","8":"has-post-date","9":"has-post-category","10":"has-post-tag","11":"has-post-comment","12":"has-post-author","13":"","14":"fullcover","16":"first","17":"instock","18":"taxable","19":"shipping-taxable","20":"purchasable","21":"product-type-variable"},"jetpack_sharing_enabled":true,"builder_content":"","_links":{"self":[{"href":"https:\/\/fittingsgo.com\/fr\/wp-json\/wp\/v2\/product\/16072","targetHints":{"allow":["GET"]}}],"collection":[{"href":"https:\/\/fittingsgo.com\/fr\/wp-json\/wp\/v2\/product"}],"about":[{"href":"https:\/\/fittingsgo.com\/fr\/wp-json\/wp\/v2\/types\/product"}],"replies":[{"embeddable":true,"href":"https:\/\/fittingsgo.com\/fr\/wp-json\/wp\/v2\/comments?post=16072"}],"wp:featuredmedia":[{"embeddable":true,"href":"https:\/\/fittingsgo.com\/fr\/wp-json\/wp\/v2\/media\/16071"}],"wp:attachment":[{"href":"https:\/\/fittingsgo.com\/fr\/wp-json\/wp\/v2\/media?parent=16072"}],"wp:term":[{"taxonomy":"product_brand","embeddable":true,"href":"https:\/\/fittingsgo.com\/fr\/wp-json\/wp\/v2\/product_brand?post=16072"},{"taxonomy":"product_cat","embeddable":true,"href":"https:\/\/fittingsgo.com\/fr\/wp-json\/wp\/v2\/product_cat?post=16072"},{"taxonomy":"product_tag","embeddable":true,"href":"https:\/\/fittingsgo.com\/fr\/wp-json\/wp\/v2\/product_tag?post=16072"}],"curies":[{"name":"wp","href":"https:\/\/api.w.org\/{rel}","templated":true}]}}