{"id":16057,"date":"2020-05-03T19:50:05","date_gmt":"2020-05-04T00:50:05","guid":{"rendered":"https:\/\/fittingsgo.com\/product\/tube-en-nylon-1-8-avec-raccords-de-compression\/"},"modified":"2020-05-04T21:22:20","modified_gmt":"2020-05-05T02:22:20","slug":"tube-en-nylon-1-8-po-avec-raccords-de-compression","status":"publish","type":"product","link":"https:\/\/fittingsgo.com\/fr\/produit\/tube-en-nylon-1-8-po-avec-raccords-de-compression\/","title":{"rendered":"Tube en nylon 1\/8 po avec raccords de compression"},"content":{"rendered":"<p>3223<br \/>\nPour une utilisation avec des manom\u00e8tres m\u00e9caniques jusqu&#8217;\u00e0 200 PSI. Comprend 10 pieds. de tube en nylon 1\/8 po, raccord m\u00e2le 1\/8 po NPT \u00e0 1\/8 po, raccord femelle 1\/8 po NPT \u00e0 1\/8 po et bague 1\/8 po NPT \u00e0 1\/4 po NPT. NE PAS UTILISER avec des manom\u00e8tres de pression de carburant, de frein ou de nitrure.<\/p>\n<div id=\"themify_builder_content-16057\" data-postid=\"16057\" class=\"themify_builder_content themify_builder_content-16057 themify_builder\">\n    <\/div>\n<!-- \/themify_builder_content -->\n","protected":false},"excerpt":{"rendered":"<p>TUBE, NYLON, 1\/8 po, 10 pi LONGUEUR, Y COMPRIS RACCORDS DE COMPRESSION EN LAITON 1\/8 po NPTF<br \/>\n&#8211; Tubes en nylon 1\/8 po, 10 pieds de longueur<br \/>\n&#8211; Comprend des raccords \u00e0 compression 1\/8 po NPTF en laiton.<br \/>\nFabriqu\u00e9 par Auto Meter<\/p>\n","protected":false},"featured_media":16056,"comment_status":"open","ping_status":"closed","template":"","meta":[],"product_brand":[],"product_cat":[643],"product_tag":[],"class_list":{"0":"post-16057","1":"product","2":"type-product","3":"status-publish","4":"has-post-thumbnail","6":"product_cat-lignes-pour-jauges","7":"has-post-title","8":"has-post-date","9":"has-post-category","10":"has-post-tag","11":"has-post-comment","12":"has-post-author","13":"","14":"fullcover","16":"first","17":"instock","18":"taxable","19":"shipping-taxable","20":"purchasable","21":"product-type-simple"},"jetpack_sharing_enabled":true,"builder_content":"","_links":{"self":[{"href":"https:\/\/fittingsgo.com\/fr\/wp-json\/wp\/v2\/product\/16057","targetHints":{"allow":["GET"]}}],"collection":[{"href":"https:\/\/fittingsgo.com\/fr\/wp-json\/wp\/v2\/product"}],"about":[{"href":"https:\/\/fittingsgo.com\/fr\/wp-json\/wp\/v2\/types\/product"}],"replies":[{"embeddable":true,"href":"https:\/\/fittingsgo.com\/fr\/wp-json\/wp\/v2\/comments?post=16057"}],"wp:featuredmedia":[{"embeddable":true,"href":"https:\/\/fittingsgo.com\/fr\/wp-json\/wp\/v2\/media\/16056"}],"wp:attachment":[{"href":"https:\/\/fittingsgo.com\/fr\/wp-json\/wp\/v2\/media?parent=16057"}],"wp:term":[{"taxonomy":"product_brand","embeddable":true,"href":"https:\/\/fittingsgo.com\/fr\/wp-json\/wp\/v2\/product_brand?post=16057"},{"taxonomy":"product_cat","embeddable":true,"href":"https:\/\/fittingsgo.com\/fr\/wp-json\/wp\/v2\/product_cat?post=16057"},{"taxonomy":"product_tag","embeddable":true,"href":"https:\/\/fittingsgo.com\/fr\/wp-json\/wp\/v2\/product_tag?post=16057"}],"curies":[{"name":"wp","href":"https:\/\/api.w.org\/{rel}","templated":true}]}}