{"id":16037,"date":"2020-05-03T01:26:37","date_gmt":"2020-05-03T06:26:37","guid":{"rendered":"https:\/\/fittingsgo.com\/product\/traitement-du-moteur-tufoil\/"},"modified":"2020-05-03T01:28:51","modified_gmt":"2020-05-03T06:28:51","slug":"traitement-du-moteur-tufoil","status":"publish","type":"product","link":"https:\/\/fittingsgo.com\/fr\/produit\/traitement-du-moteur-tufoil\/","title":{"rendered":"Traitement du moteur Tufoil"},"content":{"rendered":"<p>TO8, T0-8<br \/>\nTufoil a une base synth\u00e9tique m\u00e9lang\u00e9e de la plus haute qualit\u00e9 possible. La magie de Tufoil est la taille incroyablement petite des particules de PTFE en suspension dans votre huile.<br \/>\nLes r\u00e9sultats sont impressionnants:<br \/>\n&#8211; Vitesse de d\u00e9marrage plus rapide dans toutes les conditions.<br \/>\n&#8211; Meilleure consommation d&#8217;essence<br \/>\n&#8211; Puissance et acc\u00e9l\u00e9ration accrues<br \/>\n&#8211; Dur\u00e9e de vie prolong\u00e9e du moteur.<\/p>\n<div id=\"themify_builder_content-16037\" data-postid=\"16037\" class=\"themify_builder_content themify_builder_content-16037 themify_builder\">\n    <\/div>\n<!-- \/themify_builder_content -->\n","protected":false},"excerpt":{"rendered":"<p>Le traitement de moteur Tufoil permet \u00e0 votre voiture, camion, moto ou bateau de fonctionner si efficacement que vous pouvez litt\u00e9ralement doubler la dur\u00e9e de vie de votre moteur. Les moteurs fonctionnant efficacement utilisent moins de gaz, n\u00e9cessitent moins de r\u00e9parations, fonctionnent plus doucement et plus silencieusement et durent tr\u00e8s longtemps.<\/p>\n","protected":false},"featured_media":16036,"comment_status":"open","ping_status":"closed","template":"","meta":[],"product_brand":[],"product_cat":[563],"product_tag":[],"class_list":{"0":"post-16037","1":"product","2":"type-product","3":"status-publish","4":"has-post-thumbnail","6":"product_cat-additifs-huile","7":"has-post-title","8":"has-post-date","9":"has-post-category","10":"has-post-tag","11":"has-post-comment","12":"has-post-author","13":"","14":"fullcover","16":"first","17":"outofstock","18":"taxable","19":"shipping-taxable","20":"purchasable","21":"product-type-simple"},"jetpack_sharing_enabled":true,"builder_content":"","_links":{"self":[{"href":"https:\/\/fittingsgo.com\/fr\/wp-json\/wp\/v2\/product\/16037","targetHints":{"allow":["GET"]}}],"collection":[{"href":"https:\/\/fittingsgo.com\/fr\/wp-json\/wp\/v2\/product"}],"about":[{"href":"https:\/\/fittingsgo.com\/fr\/wp-json\/wp\/v2\/types\/product"}],"replies":[{"embeddable":true,"href":"https:\/\/fittingsgo.com\/fr\/wp-json\/wp\/v2\/comments?post=16037"}],"wp:featuredmedia":[{"embeddable":true,"href":"https:\/\/fittingsgo.com\/fr\/wp-json\/wp\/v2\/media\/16036"}],"wp:attachment":[{"href":"https:\/\/fittingsgo.com\/fr\/wp-json\/wp\/v2\/media?parent=16037"}],"wp:term":[{"taxonomy":"product_brand","embeddable":true,"href":"https:\/\/fittingsgo.com\/fr\/wp-json\/wp\/v2\/product_brand?post=16037"},{"taxonomy":"product_cat","embeddable":true,"href":"https:\/\/fittingsgo.com\/fr\/wp-json\/wp\/v2\/product_cat?post=16037"},{"taxonomy":"product_tag","embeddable":true,"href":"https:\/\/fittingsgo.com\/fr\/wp-json\/wp\/v2\/product_tag?post=16037"}],"curies":[{"name":"wp","href":"https:\/\/api.w.org\/{rel}","templated":true}]}}