{"id":16033,"date":"2020-05-03T01:21:02","date_gmt":"2020-05-03T06:21:02","guid":{"rendered":"https:\/\/fittingsgo.com\/product\/lingettes-de-nettoyage-sans-eau-wypall\/"},"modified":"2020-09-07T11:30:55","modified_gmt":"2020-09-07T16:30:55","slug":"lingettes-de-nettoyage-sans-eau-wypall","status":"publish","type":"product","link":"https:\/\/fittingsgo.com\/fr\/produit\/lingettes-de-nettoyage-sans-eau-wypall\/","title":{"rendered":"Lingettes de nettoyage sans eau WypAll"},"content":{"rendered":"<p>58310<br \/>\nLes lingettes de nettoyage industrielles sans eau WypAll sont le nettoyant pr\u00e9-satur\u00e9 id\u00e9al pour le nettoyage des mains, des outils, des pi\u00e8ces et des surfaces de travail non poreuses. Les solvants d&#8217;agrumes naturels sans alcool coupent la graisse, la crasse et l&#8217;huile, tandis que les ingr\u00e9dients apaisants hydratent la peau. Le tissu de nettoyage sp\u00e9cialement con\u00e7u incorpore une surface textur\u00e9e sur un c\u00f4t\u00e9 pour augmenter l&#8217;action de r\u00e9curage pour un nettoyage plus approfondi (m\u00eame un outil avec de la crasse incrust\u00e9e), tout en \u00e9tant mince et suffisamment flexible pour p\u00e9n\u00e9trer dans les espaces restreints. L&#8217;autre c\u00f4t\u00e9 pr\u00e9sente une surface lisse, qui essuie la salet\u00e9 de votre main ou d&#8217;une surface de travail. La couche absorbante moyenne absorbe et retient la salet\u00e9. Ces essuie-glaces sont vraiment un incontournable pour tout travail sale et nettoyage sur la route. Lorsque l&#8217;efficacit\u00e9 et la valeur viennent en t\u00eate de votre liste de crit\u00e8res, vous pouvez faire confiance \u00e0 WypAll pour vous fournir.<\/p>\n<div id=\"themify_builder_content-16033\" data-postid=\"16033\" class=\"themify_builder_content themify_builder_content-16033 themify_builder\">\n    <\/div>\n<!-- \/themify_builder_content -->\n","protected":false},"excerpt":{"rendered":"<p>&#8211; Les lingettes nettoyantes industrielles jetables sont pr\u00e9-satur\u00e9es avec un nettoyant naturel sans alcool aux agrumes pour un nettoyage sans eau de la peau et des surfaces dures<br \/>\n&#8211; Ces essuie-glaces sont r\u00e9sistants \u00e0 la graisse, mais assez doux pour \u00eatre utilis\u00e9s avec la main; contient des hydratants pour aider \u00e0 garder la peau hydrat\u00e9e<br \/>\n&#8211; Un c\u00f4t\u00e9 textur\u00e9 pour frotter la salet\u00e9, la crasse et la graisse (id\u00e9al pour le nettoyage des outils), un c\u00f4t\u00e9 lisse pour essuyer la salet\u00e9 des surfaces et des mains<br \/>\n&#8211; \u00c9tant donn\u00e9 que ces lingettes sont pr\u00e9-humidifi\u00e9es, vous n&#8217;aurez pas \u00e0 vous soucier de renverser un agent nettoyant liquide<br \/>\nFabriqu\u00e9 par Kimberley Clark<\/p>\n","protected":false},"featured_media":16032,"comment_status":"open","ping_status":"closed","template":"","meta":[],"product_brand":[],"product_cat":[622],"product_tag":[],"class_list":{"0":"post-16033","1":"product","2":"type-product","3":"status-publish","4":"has-post-thumbnail","6":"product_cat-savons-a-main-et-essuie-tout","7":"has-post-title","8":"has-post-date","9":"has-post-category","10":"has-post-tag","11":"has-post-comment","12":"has-post-author","13":"","14":"fullcover","16":"first","17":"instock","18":"taxable","19":"shipping-taxable","20":"purchasable","21":"product-type-simple"},"jetpack_sharing_enabled":true,"builder_content":"","_links":{"self":[{"href":"https:\/\/fittingsgo.com\/fr\/wp-json\/wp\/v2\/product\/16033","targetHints":{"allow":["GET"]}}],"collection":[{"href":"https:\/\/fittingsgo.com\/fr\/wp-json\/wp\/v2\/product"}],"about":[{"href":"https:\/\/fittingsgo.com\/fr\/wp-json\/wp\/v2\/types\/product"}],"replies":[{"embeddable":true,"href":"https:\/\/fittingsgo.com\/fr\/wp-json\/wp\/v2\/comments?post=16033"}],"wp:featuredmedia":[{"embeddable":true,"href":"https:\/\/fittingsgo.com\/fr\/wp-json\/wp\/v2\/media\/16032"}],"wp:attachment":[{"href":"https:\/\/fittingsgo.com\/fr\/wp-json\/wp\/v2\/media?parent=16033"}],"wp:term":[{"taxonomy":"product_brand","embeddable":true,"href":"https:\/\/fittingsgo.com\/fr\/wp-json\/wp\/v2\/product_brand?post=16033"},{"taxonomy":"product_cat","embeddable":true,"href":"https:\/\/fittingsgo.com\/fr\/wp-json\/wp\/v2\/product_cat?post=16033"},{"taxonomy":"product_tag","embeddable":true,"href":"https:\/\/fittingsgo.com\/fr\/wp-json\/wp\/v2\/product_tag?post=16033"}],"curies":[{"name":"wp","href":"https:\/\/api.w.org\/{rel}","templated":true}]}}