{"id":16029,"date":"2020-05-03T01:15:31","date_gmt":"2020-05-03T06:15:31","guid":{"rendered":"https:\/\/fittingsgo.com\/product\/fr-fluid-film\/"},"modified":"2020-05-03T01:16:33","modified_gmt":"2020-05-03T06:16:33","slug":"fr-fluid-film","status":"publish","type":"product","link":"https:\/\/fittingsgo.com\/fr\/produit\/fr-fluid-film\/","title":{"rendered":"Fluid Film"},"content":{"rendered":"<p>3300<\/p>\n<div id=\"themify_builder_content-16029\" data-postid=\"16029\" class=\"themify_builder_content themify_builder_content-16029 themify_builder\">\n    <\/div>\n<!-- \/themify_builder_content -->\n","protected":false},"excerpt":{"rendered":"<p>FLUID FILM est formul\u00e9 \u00e0 partir de cire de laine sp\u00e9cialement trait\u00e9e, d&#8217;huiles de p\u00e9trole hautement raffin\u00e9es et d&#8217;agents s\u00e9lectionn\u00e9s pour assurer le contr\u00f4le de la corrosion, la p\u00e9n\u00e9tration, le mouillage des m\u00e9taux et le d\u00e9placement de l&#8217;eau. Ces produits durables ne contiennent aucun solvant, ne se dess\u00e8chent pas et p\u00e9n\u00e8trent \u00e0 la base de tous les m\u00e9taux, offrant une protection contre la corrosion des atmosph\u00e8res naturelles et industrielles. Les pi\u00e8ces fortement corrod\u00e9es et \/ ou gel\u00e9es telles que les \u00e9crous, boulons, arbres, etc. qui seraient normalement endommag\u00e9s pendant la maintenance, peuvent \u00eatre r\u00e9cup\u00e9r\u00e9es en appliquant un FILM FLUIDE<br \/>\n333 g.<\/p>\n","protected":false},"featured_media":16028,"comment_status":"open","ping_status":"closed","template":"","meta":[],"product_brand":[],"product_cat":[612],"product_tag":[],"class_list":{"0":"post-16029","1":"product","2":"type-product","3":"status-publish","4":"has-post-thumbnail","6":"product_cat-produits-chimiques-lubrifiants-et-penetrants","7":"has-post-title","8":"has-post-date","9":"has-post-category","10":"has-post-tag","11":"has-post-comment","12":"has-post-author","13":"","14":"fullcover","16":"first","17":"instock","18":"taxable","19":"shipping-taxable","20":"purchasable","21":"product-type-simple"},"jetpack_sharing_enabled":true,"builder_content":"","_links":{"self":[{"href":"https:\/\/fittingsgo.com\/fr\/wp-json\/wp\/v2\/product\/16029","targetHints":{"allow":["GET"]}}],"collection":[{"href":"https:\/\/fittingsgo.com\/fr\/wp-json\/wp\/v2\/product"}],"about":[{"href":"https:\/\/fittingsgo.com\/fr\/wp-json\/wp\/v2\/types\/product"}],"replies":[{"embeddable":true,"href":"https:\/\/fittingsgo.com\/fr\/wp-json\/wp\/v2\/comments?post=16029"}],"wp:featuredmedia":[{"embeddable":true,"href":"https:\/\/fittingsgo.com\/fr\/wp-json\/wp\/v2\/media\/16028"}],"wp:attachment":[{"href":"https:\/\/fittingsgo.com\/fr\/wp-json\/wp\/v2\/media?parent=16029"}],"wp:term":[{"taxonomy":"product_brand","embeddable":true,"href":"https:\/\/fittingsgo.com\/fr\/wp-json\/wp\/v2\/product_brand?post=16029"},{"taxonomy":"product_cat","embeddable":true,"href":"https:\/\/fittingsgo.com\/fr\/wp-json\/wp\/v2\/product_cat?post=16029"},{"taxonomy":"product_tag","embeddable":true,"href":"https:\/\/fittingsgo.com\/fr\/wp-json\/wp\/v2\/product_tag?post=16029"}],"curies":[{"name":"wp","href":"https:\/\/api.w.org\/{rel}","templated":true}]}}