{"id":16025,"date":"2020-05-03T01:11:15","date_gmt":"2020-05-03T06:11:15","guid":{"rendered":"https:\/\/fittingsgo.com\/product\/kleen-slip-lubrifiant-au-silicone\/"},"modified":"2021-10-27T08:27:46","modified_gmt":"2021-10-27T13:27:46","slug":"kleen-slip-lubrifiant-au-silicone","status":"publish","type":"product","link":"https:\/\/fittingsgo.com\/fr\/produit\/kleen-slip-lubrifiant-au-silicone\/","title":{"rendered":"Kleen-Slip Lubrifiant au silicone"},"content":{"rendered":"<p>742<\/p>\n<div id=\"themify_builder_content-16025\" data-postid=\"16025\" class=\"themify_builder_content themify_builder_content-16025 themify_builder\">\n    <\/div>\n<!-- \/themify_builder_content -->\n","protected":false},"excerpt":{"rendered":"<p>Lubrifiant en a\u00e9rosol non-graisseux. Pr\u00e9vient les grincements et le grippage des caoutchoucs, m\u00e9taux, bois, vitres et de la plupart des plastiques et nylons. Efficace de -40\u00b0C jusqu\u2019\u00e0 204\u00b0C (-40\u00b0F jusqu\u2019\u00e0 400\u00b0F).<br \/>\nFabriqu\u00e9 par Kleen-Flo<\/p>\n","protected":false},"featured_media":16024,"comment_status":"open","ping_status":"closed","template":"","meta":[],"product_brand":[],"product_cat":[612],"product_tag":[],"class_list":{"0":"post-16025","1":"product","2":"type-product","3":"status-publish","4":"has-post-thumbnail","6":"product_cat-produits-chimiques-lubrifiants-et-penetrants","7":"has-post-title","8":"has-post-date","9":"has-post-category","10":"has-post-tag","11":"has-post-comment","12":"has-post-author","13":"","14":"fullcover","16":"first","17":"instock","18":"taxable","19":"shipping-taxable","20":"purchasable","21":"product-type-simple"},"jetpack_sharing_enabled":true,"builder_content":"","_links":{"self":[{"href":"https:\/\/fittingsgo.com\/fr\/wp-json\/wp\/v2\/product\/16025","targetHints":{"allow":["GET"]}}],"collection":[{"href":"https:\/\/fittingsgo.com\/fr\/wp-json\/wp\/v2\/product"}],"about":[{"href":"https:\/\/fittingsgo.com\/fr\/wp-json\/wp\/v2\/types\/product"}],"replies":[{"embeddable":true,"href":"https:\/\/fittingsgo.com\/fr\/wp-json\/wp\/v2\/comments?post=16025"}],"wp:featuredmedia":[{"embeddable":true,"href":"https:\/\/fittingsgo.com\/fr\/wp-json\/wp\/v2\/media\/16024"}],"wp:attachment":[{"href":"https:\/\/fittingsgo.com\/fr\/wp-json\/wp\/v2\/media?parent=16025"}],"wp:term":[{"taxonomy":"product_brand","embeddable":true,"href":"https:\/\/fittingsgo.com\/fr\/wp-json\/wp\/v2\/product_brand?post=16025"},{"taxonomy":"product_cat","embeddable":true,"href":"https:\/\/fittingsgo.com\/fr\/wp-json\/wp\/v2\/product_cat?post=16025"},{"taxonomy":"product_tag","embeddable":true,"href":"https:\/\/fittingsgo.com\/fr\/wp-json\/wp\/v2\/product_tag?post=16025"}],"curies":[{"name":"wp","href":"https:\/\/api.w.org\/{rel}","templated":true}]}}