{"id":15717,"date":"2020-05-01T00:03:02","date_gmt":"2020-05-01T05:03:02","guid":{"rendered":"https:\/\/fittingsgo.com\/product\/nettoyant-a-mains-fast-orange-lotion-pierre-ponce\/"},"modified":"2021-07-25T19:42:58","modified_gmt":"2021-07-26T00:42:58","slug":"nettoyant-a-mains-fast-orange-lotion-pierre-ponce","status":"publish","type":"product","link":"https:\/\/fittingsgo.com\/fr\/produit\/nettoyant-a-mains-fast-orange-lotion-pierre-ponce\/","title":{"rendered":"Nettoyant \u00e0 mains Fast Orange lotion pierre ponce"},"content":{"rendered":"<p>25102, 25109, 25117, 25217, 25219<\/p>\n<p>Applications: Nettoie graisse, salet\u00e9s, huiles, colles, colle \u00e0 joints et \u00e0 carreaux, encres d\u2019imprimerie, peinture et goudron. Aussi superbe pour les taches de lessive, rayures, tuiles et autres travaux m\u00e9nagers.<\/p>\n<div id=\"themify_builder_content-15717\" data-postid=\"15717\" class=\"themify_builder_content themify_builder_content-15717 themify_builder\">\n    <\/div>\n<!-- \/themify_builder_content -->\n","protected":false},"excerpt":{"rendered":"<p>&#8211; Le nettoyant \u00e0 mains avec pierre ponce, biod\u00e9gradable sans eau ni dissolvant de p\u00e9trole<br \/>\n&#8211; La composition \u00e0 pierre ponce fine nettoie la pire des salet\u00e9s<br \/>\n&#8211; Gel qui adh\u00e8re bien aux mains<br \/>\n&#8211; Ne contient aucun produit chimique, huile min\u00e9rale ni ammoniaque qui irritent les coupures &#8211; La puissance des agrumes naturels purs aux ar\u00f4mes frais s\u2019acquitte de la t\u00e2che<br \/>\n&#8211; Contient de l\u2019alo\u00e8s, de la lanoline, du jojoba et de la glyc\u00e9rine pour revitaliser et prot\u00e9ger la peau<br \/>\nFabriqu\u00e9 par Permatex<\/p>\n","protected":false},"featured_media":15716,"comment_status":"open","ping_status":"closed","template":"","meta":[],"product_brand":[],"product_cat":[622],"product_tag":[],"class_list":{"0":"post-15717","1":"product","2":"type-product","3":"status-publish","4":"has-post-thumbnail","6":"product_cat-savons-a-main-et-essuie-tout","7":"has-post-title","8":"has-post-date","9":"has-post-category","10":"has-post-tag","11":"has-post-comment","12":"has-post-author","13":"","14":"fullcover","16":"first","17":"instock","18":"taxable","19":"shipping-taxable","20":"purchasable","21":"product-type-variable"},"jetpack_sharing_enabled":true,"builder_content":"","_links":{"self":[{"href":"https:\/\/fittingsgo.com\/fr\/wp-json\/wp\/v2\/product\/15717","targetHints":{"allow":["GET"]}}],"collection":[{"href":"https:\/\/fittingsgo.com\/fr\/wp-json\/wp\/v2\/product"}],"about":[{"href":"https:\/\/fittingsgo.com\/fr\/wp-json\/wp\/v2\/types\/product"}],"replies":[{"embeddable":true,"href":"https:\/\/fittingsgo.com\/fr\/wp-json\/wp\/v2\/comments?post=15717"}],"wp:featuredmedia":[{"embeddable":true,"href":"https:\/\/fittingsgo.com\/fr\/wp-json\/wp\/v2\/media\/15716"}],"wp:attachment":[{"href":"https:\/\/fittingsgo.com\/fr\/wp-json\/wp\/v2\/media?parent=15717"}],"wp:term":[{"taxonomy":"product_brand","embeddable":true,"href":"https:\/\/fittingsgo.com\/fr\/wp-json\/wp\/v2\/product_brand?post=15717"},{"taxonomy":"product_cat","embeddable":true,"href":"https:\/\/fittingsgo.com\/fr\/wp-json\/wp\/v2\/product_cat?post=15717"},{"taxonomy":"product_tag","embeddable":true,"href":"https:\/\/fittingsgo.com\/fr\/wp-json\/wp\/v2\/product_tag?post=15717"}],"curies":[{"name":"wp","href":"https:\/\/api.w.org\/{rel}","templated":true}]}}