{"id":15657,"date":"2020-04-30T20:10:49","date_gmt":"2020-05-01T01:10:49","guid":{"rendered":"https:\/\/fittingsgo.com\/product\/graisse-synthetique-tout-usage-de-prolab\/"},"modified":"2020-04-30T20:18:33","modified_gmt":"2020-05-01T01:18:33","slug":"graisse-synthetique-tout-usage-de-prolab","status":"publish","type":"product","link":"https:\/\/fittingsgo.com\/fr\/produit\/graisse-synthetique-tout-usage-de-prolab\/","title":{"rendered":"Graisse synth\u00e9tique tout usage de Prolab"},"content":{"rendered":"<p>GS-1000, GS1000, 288400, 288500<br \/>\nLa GS-1000 est une graisse tout usage de qualit\u00e9 sup\u00e9rieure qui poss\u00e8de une formulation unique combinant les trois \u00e9l\u00e9ments suivants:<\/p>\n<p>Huile de base synth\u00e9tique;<br \/>\nComplexe de sulfonate de calcium surbasique;<br \/>\nLe TRAITEMENT ANTIFRICTION de PROLAB.<\/p>\n<p>Cette formule exclusive \u00e0 PROLAB fait de la GS-1000 une graisse aux performances exceptionnelles. En toutes saisons, elle r\u00e9duit la friction, prot\u00e8ge contre la rouille et la corrosion, r\u00e9siste \u00e0 la charge, offre une stabilit\u00e9 m\u00e9canique sup\u00e9rieure (stable au cisaillement) et une excellente r\u00e9sistance \u00e0 l&#8217;eau. Bien qu&#8217;elle soit d&#8217;un grade N.L.G.I. #2, la GS-1000 poss\u00e8de des propri\u00e9t\u00e9s de pompabilit\u00e9 comparables \u00e0 celles d&#8217;un grade #0; elle est id\u00e9ale pour les hauts r\u00e9gimes de rotation (vitesses variant entre 3000 et 10 000 tour\/min.).<\/p>\n<p>La GS-1000 est POLYVALENTE et \u00c9CONOMIQUE: elle couvre 3 grades N.L.G.I. ce qui permet de r\u00e9duire les inventaires de graisses et elle contribue \u00e9galement \u00e0 espacer les intervalles de graissage (r\u00e9duction de la consommation de graisses, r\u00e9duction de la consommation \u00e9nerg\u00e9tique).<\/p>\n<p>La GS-1000 est S\u00c9CURITAIRE et PRATIQUE: elle poss\u00e8de une constante di\u00e9lectrique de 7000 volts, ne contient aucun contaminant nocif pour la sant\u00e9 et l&#8217;environnement; de plus, elle est offerte en plusieurs formats, notamment dans un contenant en a\u00e9rosol qui permet de lubrifier les endroits les plus difficiles \u00e0 atteindre.<\/p>\n<div id=\"themify_builder_content-15657\" data-postid=\"15657\" class=\"themify_builder_content themify_builder_content-15657 themify_builder\">\n    <\/div>\n<!-- \/themify_builder_content -->\n","protected":false},"excerpt":{"rendered":"<p>La GS-1000 avec TRAITEMENT ANTIFRICTION est la meilleure graisse tout usage sur le march\u00e9. Son action est plus rapide, plus durable et plus performante que toutes les graisses similaires.<br \/>\nFabriqu\u00e9 par Prolab<\/p>\n","protected":false},"featured_media":15652,"comment_status":"open","ping_status":"closed","template":"","meta":[],"product_brand":[],"product_cat":[302],"product_tag":[],"class_list":{"0":"post-15657","1":"product","2":"type-product","3":"status-publish","4":"has-post-thumbnail","6":"product_cat-graisses","7":"has-post-title","8":"has-post-date","9":"has-post-category","10":"has-post-tag","11":"has-post-comment","12":"has-post-author","13":"","14":"fullcover","16":"first","17":"instock","18":"taxable","19":"shipping-taxable","20":"purchasable","21":"product-type-variable"},"jetpack_sharing_enabled":true,"builder_content":"","_links":{"self":[{"href":"https:\/\/fittingsgo.com\/fr\/wp-json\/wp\/v2\/product\/15657","targetHints":{"allow":["GET"]}}],"collection":[{"href":"https:\/\/fittingsgo.com\/fr\/wp-json\/wp\/v2\/product"}],"about":[{"href":"https:\/\/fittingsgo.com\/fr\/wp-json\/wp\/v2\/types\/product"}],"replies":[{"embeddable":true,"href":"https:\/\/fittingsgo.com\/fr\/wp-json\/wp\/v2\/comments?post=15657"}],"wp:featuredmedia":[{"embeddable":true,"href":"https:\/\/fittingsgo.com\/fr\/wp-json\/wp\/v2\/media\/15652"}],"wp:attachment":[{"href":"https:\/\/fittingsgo.com\/fr\/wp-json\/wp\/v2\/media?parent=15657"}],"wp:term":[{"taxonomy":"product_brand","embeddable":true,"href":"https:\/\/fittingsgo.com\/fr\/wp-json\/wp\/v2\/product_brand?post=15657"},{"taxonomy":"product_cat","embeddable":true,"href":"https:\/\/fittingsgo.com\/fr\/wp-json\/wp\/v2\/product_cat?post=15657"},{"taxonomy":"product_tag","embeddable":true,"href":"https:\/\/fittingsgo.com\/fr\/wp-json\/wp\/v2\/product_tag?post=15657"}],"curies":[{"name":"wp","href":"https:\/\/api.w.org\/{rel}","templated":true}]}}