{"id":15645,"date":"2020-04-30T20:33:29","date_gmt":"2020-05-01T01:33:51","guid":{"rendered":"https:\/\/fittingsgo.com\/?post_type=product&#038;p=15645"},"modified":"2020-04-30T20:34:22","modified_gmt":"2020-05-01T01:34:22","slug":"enduit-pour-courroies","status":"publish","type":"product","link":"https:\/\/fittingsgo.com\/fr\/produit\/enduit-pour-courroies\/","title":{"rendered":"Enduit pour courroies"},"content":{"rendered":"<p>75350<\/p>\n<div id=\"themify_builder_content-15645\" data-postid=\"15645\" class=\"themify_builder_content themify_builder_content-15645 themify_builder\">\n    <\/div>\n<!-- \/themify_builder_content -->\n","protected":false},"excerpt":{"rendered":"<p>\u00c9limine les grincements et prolonge la dur\u00e9e de vie de la ceinture. Pour une utilisation sur tous les types de courroies, telles que les courroies serpentines, plates et en V. Emp\u00eache le glissement et le vitrage. \u00c9limine l&#8217;huile, la graisse et le vernis. Utilisez tous les 4000 miles pour \u00e9viter le dess\u00e8chement et le glissement.<br \/>\n213 g<br \/>\nFabriqu\u00e9 par CRC<\/p>\n","protected":false},"featured_media":15644,"comment_status":"open","ping_status":"closed","template":"","meta":[],"product_brand":[],"product_cat":[616],"product_tag":[],"class_list":{"0":"post-15645","1":"product","2":"type-product","3":"status-publish","4":"has-post-thumbnail","6":"product_cat-freins-et-courroies-bruyants","7":"has-post-title","8":"has-post-date","9":"has-post-category","10":"has-post-tag","11":"has-post-comment","12":"has-post-author","13":"","14":"fullcover","16":"first","17":"instock","18":"taxable","19":"shipping-taxable","20":"purchasable","21":"product-type-simple"},"jetpack_sharing_enabled":true,"builder_content":"","_links":{"self":[{"href":"https:\/\/fittingsgo.com\/fr\/wp-json\/wp\/v2\/product\/15645","targetHints":{"allow":["GET"]}}],"collection":[{"href":"https:\/\/fittingsgo.com\/fr\/wp-json\/wp\/v2\/product"}],"about":[{"href":"https:\/\/fittingsgo.com\/fr\/wp-json\/wp\/v2\/types\/product"}],"replies":[{"embeddable":true,"href":"https:\/\/fittingsgo.com\/fr\/wp-json\/wp\/v2\/comments?post=15645"}],"wp:featuredmedia":[{"embeddable":true,"href":"https:\/\/fittingsgo.com\/fr\/wp-json\/wp\/v2\/media\/15644"}],"wp:attachment":[{"href":"https:\/\/fittingsgo.com\/fr\/wp-json\/wp\/v2\/media?parent=15645"}],"wp:term":[{"taxonomy":"product_brand","embeddable":true,"href":"https:\/\/fittingsgo.com\/fr\/wp-json\/wp\/v2\/product_brand?post=15645"},{"taxonomy":"product_cat","embeddable":true,"href":"https:\/\/fittingsgo.com\/fr\/wp-json\/wp\/v2\/product_cat?post=15645"},{"taxonomy":"product_tag","embeddable":true,"href":"https:\/\/fittingsgo.com\/fr\/wp-json\/wp\/v2\/product_tag?post=15645"}],"curies":[{"name":"wp","href":"https:\/\/api.w.org\/{rel}","templated":true}]}}