{"id":15637,"date":"2020-04-30T20:36:06","date_gmt":"2020-05-01T01:36:06","guid":{"rendered":"https:\/\/fittingsgo.com\/?post_type=product&#038;p=15637"},"modified":"2020-04-30T20:36:06","modified_gmt":"2020-05-01T01:36:06","slug":"freins-silencieux-crc","status":"publish","type":"product","link":"https:\/\/fittingsgo.com\/fr\/produit\/freins-silencieux-crc\/","title":{"rendered":"Freins silencieux CRC"},"content":{"rendered":"<p>75017<\/p>\n<div id=\"themify_builder_content-15637\" data-postid=\"15637\" class=\"themify_builder_content themify_builder_content-15637 themify_builder\">\n    <\/div>\n<!-- \/themify_builder_content -->\n","protected":false},"excerpt":{"rendered":"<p>Le frein \u00e0 disque silencieux forme un film r\u00e9sistant \u00e0 l&#8217;eau et \u00e0 haute temp\u00e9rature qui absorbe le bruit tout en apaisant les grincements et les cris. Sp\u00e9cialement formul\u00e9 pour amortir les vibrations qui provoquent le bruit des freins. Pour une utilisation \u00e0 l&#8217;arri\u00e8re des plaquettes de disque non cal\u00e9es.<br \/>\n255 g<br \/>\nFabriqu\u00e9 par CRC<\/p>\n","protected":false},"featured_media":15636,"comment_status":"open","ping_status":"closed","template":"","meta":[],"product_brand":[],"product_cat":[616],"product_tag":[],"class_list":{"0":"post-15637","1":"product","2":"type-product","3":"status-publish","4":"has-post-thumbnail","6":"product_cat-freins-et-courroies-bruyants","7":"has-post-title","8":"has-post-date","9":"has-post-category","10":"has-post-tag","11":"has-post-comment","12":"has-post-author","13":"","14":"fullcover","16":"first","17":"instock","18":"taxable","19":"shipping-taxable","20":"purchasable","21":"product-type-simple"},"jetpack_sharing_enabled":true,"builder_content":"","_links":{"self":[{"href":"https:\/\/fittingsgo.com\/fr\/wp-json\/wp\/v2\/product\/15637","targetHints":{"allow":["GET"]}}],"collection":[{"href":"https:\/\/fittingsgo.com\/fr\/wp-json\/wp\/v2\/product"}],"about":[{"href":"https:\/\/fittingsgo.com\/fr\/wp-json\/wp\/v2\/types\/product"}],"replies":[{"embeddable":true,"href":"https:\/\/fittingsgo.com\/fr\/wp-json\/wp\/v2\/comments?post=15637"}],"wp:featuredmedia":[{"embeddable":true,"href":"https:\/\/fittingsgo.com\/fr\/wp-json\/wp\/v2\/media\/15636"}],"wp:attachment":[{"href":"https:\/\/fittingsgo.com\/fr\/wp-json\/wp\/v2\/media?parent=15637"}],"wp:term":[{"taxonomy":"product_brand","embeddable":true,"href":"https:\/\/fittingsgo.com\/fr\/wp-json\/wp\/v2\/product_brand?post=15637"},{"taxonomy":"product_cat","embeddable":true,"href":"https:\/\/fittingsgo.com\/fr\/wp-json\/wp\/v2\/product_cat?post=15637"},{"taxonomy":"product_tag","embeddable":true,"href":"https:\/\/fittingsgo.com\/fr\/wp-json\/wp\/v2\/product_tag?post=15637"}],"curies":[{"name":"wp","href":"https:\/\/api.w.org\/{rel}","templated":true}]}}