{"id":15612,"date":"2020-04-30T23:53:06","date_gmt":"2020-05-01T04:53:06","guid":{"rendered":"https:\/\/fittingsgo.com\/?post_type=product&#038;p=15612"},"modified":"2021-07-25T19:42:58","modified_gmt":"2021-07-26T00:42:58","slug":"lubrifiant-tef-lube-2000","status":"publish","type":"product","link":"https:\/\/fittingsgo.com\/fr\/produit\/lubrifiant-tef-lube-2000\/","title":{"rendered":"Lubrifiant TEF-Lube 2000"},"content":{"rendered":"<p>813<\/p>\n<div id=\"themify_builder_content-15612\" data-postid=\"15612\" class=\"themify_builder_content themify_builder_content-15612 themify_builder\">\n    <\/div>\n<!-- \/themify_builder_content -->\n","protected":false},"excerpt":{"rendered":"<p>Graisse lubrifiante pour engrenage \u00e0 d\u00e9couvert, les cordages m\u00e9talliques, cables, cha\u00eenes et convoyeurs. Lubrifie \u00e0 des temp\u00e9ratures extr\u00eames. -34\u00b0C jusqu\u2019\u00e0 315\u00b0C (-30\u00b0F jusqu\u2019\u00e0 600\u00b0F). R\u00e9siste aux jets d\u2019eau.<br \/>\n460 g<br \/>\nFabriqu\u00e9 par Kleen-Flo<\/p>\n","protected":false},"featured_media":15611,"comment_status":"open","ping_status":"closed","template":"","meta":[],"product_brand":[],"product_cat":[612],"product_tag":[],"class_list":{"0":"post-15612","1":"product","2":"type-product","3":"status-publish","4":"has-post-thumbnail","6":"product_cat-produits-chimiques-lubrifiants-et-penetrants","7":"has-post-title","8":"has-post-date","9":"has-post-category","10":"has-post-tag","11":"has-post-comment","12":"has-post-author","13":"","14":"fullcover","16":"first","17":"outofstock","18":"taxable","19":"shipping-taxable","20":"purchasable","21":"product-type-simple"},"jetpack_sharing_enabled":true,"builder_content":"","_links":{"self":[{"href":"https:\/\/fittingsgo.com\/fr\/wp-json\/wp\/v2\/product\/15612","targetHints":{"allow":["GET"]}}],"collection":[{"href":"https:\/\/fittingsgo.com\/fr\/wp-json\/wp\/v2\/product"}],"about":[{"href":"https:\/\/fittingsgo.com\/fr\/wp-json\/wp\/v2\/types\/product"}],"replies":[{"embeddable":true,"href":"https:\/\/fittingsgo.com\/fr\/wp-json\/wp\/v2\/comments?post=15612"}],"wp:featuredmedia":[{"embeddable":true,"href":"https:\/\/fittingsgo.com\/fr\/wp-json\/wp\/v2\/media\/15611"}],"wp:attachment":[{"href":"https:\/\/fittingsgo.com\/fr\/wp-json\/wp\/v2\/media?parent=15612"}],"wp:term":[{"taxonomy":"product_brand","embeddable":true,"href":"https:\/\/fittingsgo.com\/fr\/wp-json\/wp\/v2\/product_brand?post=15612"},{"taxonomy":"product_cat","embeddable":true,"href":"https:\/\/fittingsgo.com\/fr\/wp-json\/wp\/v2\/product_cat?post=15612"},{"taxonomy":"product_tag","embeddable":true,"href":"https:\/\/fittingsgo.com\/fr\/wp-json\/wp\/v2\/product_tag?post=15612"}],"curies":[{"name":"wp","href":"https:\/\/api.w.org\/{rel}","templated":true}]}}