{"id":15573,"date":"2020-04-29T22:24:09","date_gmt":"2020-04-30T03:24:09","guid":{"rendered":"https:\/\/fittingsgo.com\/product\/adapteur-a-90-femelle-double-flare-vers-npt-male\/"},"modified":"2023-02-06T13:00:37","modified_gmt":"2023-02-06T18:00:37","slug":"adapteur-a-90-femelle-double-flare-vers-npt-male","status":"publish","type":"product","link":"https:\/\/fittingsgo.com\/fr\/produit\/adapteur-a-90-femelle-double-flare-vers-npt-male\/","title":{"rendered":"Adapteur \u00e0 90\u00b0 femelle \u00abdouble flare\u00bb vers NPT m\u00e2le"},"content":{"rendered":"<p>149-2A, 149-3A, 149-4A, 149-4B, 149-5A, 149-5B, 149-6A, 149-6B, 149-6C, 149-8C, 149-8D, 149-10D, 149-12D<\/p>\n<div id=\"themify_builder_content-15573\" data-postid=\"15573\" class=\"themify_builder_content themify_builder_content-15573 themify_builder\">\n    <\/div>\n<!-- \/themify_builder_content -->\n","protected":false},"excerpt":{"rendered":"<p>Nos coudes de tuyau m\u00e2le \u00e9vas\u00e9s \u00e0 90\u00b0 sont parfaits pour une utilisation dans les syst\u00e8mes de freinage automobile, les conduites de carburant, les conduites de liquide de refroidissement de transmission et pour le gaz propane<br \/>\nFabriqu\u00e9 par Fairview Fittings<\/p>\n","protected":false},"featured_media":15572,"comment_status":"open","ping_status":"closed","template":"","meta":[],"product_brand":[],"product_cat":[536],"product_tag":[],"class_list":{"0":"post-15573","1":"product","2":"type-product","3":"status-publish","4":"has-post-thumbnail","6":"product_cat-adaptateurs-et-reducteurs","7":"has-post-title","8":"has-post-date","9":"has-post-category","10":"has-post-tag","11":"has-post-comment","12":"has-post-author","13":"","14":"fullcover","16":"first","17":"instock","18":"taxable","19":"shipping-taxable","20":"purchasable","21":"product-type-variable"},"jetpack_sharing_enabled":true,"builder_content":"","_links":{"self":[{"href":"https:\/\/fittingsgo.com\/fr\/wp-json\/wp\/v2\/product\/15573","targetHints":{"allow":["GET"]}}],"collection":[{"href":"https:\/\/fittingsgo.com\/fr\/wp-json\/wp\/v2\/product"}],"about":[{"href":"https:\/\/fittingsgo.com\/fr\/wp-json\/wp\/v2\/types\/product"}],"replies":[{"embeddable":true,"href":"https:\/\/fittingsgo.com\/fr\/wp-json\/wp\/v2\/comments?post=15573"}],"wp:featuredmedia":[{"embeddable":true,"href":"https:\/\/fittingsgo.com\/fr\/wp-json\/wp\/v2\/media\/15572"}],"wp:attachment":[{"href":"https:\/\/fittingsgo.com\/fr\/wp-json\/wp\/v2\/media?parent=15573"}],"wp:term":[{"taxonomy":"product_brand","embeddable":true,"href":"https:\/\/fittingsgo.com\/fr\/wp-json\/wp\/v2\/product_brand?post=15573"},{"taxonomy":"product_cat","embeddable":true,"href":"https:\/\/fittingsgo.com\/fr\/wp-json\/wp\/v2\/product_cat?post=15573"},{"taxonomy":"product_tag","embeddable":true,"href":"https:\/\/fittingsgo.com\/fr\/wp-json\/wp\/v2\/product_tag?post=15573"}],"curies":[{"name":"wp","href":"https:\/\/api.w.org\/{rel}","templated":true}]}}