{"id":15533,"date":"2020-04-29T21:32:33","date_gmt":"2020-04-30T02:32:33","guid":{"rendered":"https:\/\/fittingsgo.com\/product\/trousse-de-reparation-pour-vinyle-et-cuir\/"},"modified":"2020-04-29T21:34:01","modified_gmt":"2020-04-30T02:34:01","slug":"trousse-de-reparation-pour-vinyle-et-cuir","status":"publish","type":"product","link":"https:\/\/fittingsgo.com\/fr\/produit\/trousse-de-reparation-pour-vinyle-et-cuir\/","title":{"rendered":"Trousse de r\u00e9paration pour vinyle et cuir"},"content":{"rendered":"<p>80903<br \/>\nContenu: 7 contenants de couleurs, toile de renforcement, pi\u00e8ce de vinyle pour essai, spatule, adh\u00e9sif et produit de remplissage, papier avec divers grains, outil de transmission de chaleur, feuille d\u2019instructions et tableau<br \/>\nde couleurs.<br \/>\nApplications: Tableaux de bord \u00e0 surface lisse, rev\u00eatement des si\u00e8ges, toits de vinyle, si\u00e8ges pour enfant, fauteuils, tabourets, si\u00e8ges d\u2019embarcations marine et autres surfaces en vinyle et en cuir.<\/p>\n<div id=\"themify_builder_content-15533\" data-postid=\"15533\" class=\"themify_builder_content themify_builder_content-15533 themify_builder\">\n    <\/div>\n<!-- \/themify_builder_content -->\n","protected":false},"excerpt":{"rendered":"<p>&#8211; Permet de r\u00e9parer de fa\u00e7on permanente les accrocs, les trous et les br\u00fblures sur le vinyle et le cuir<br \/>\n&#8211; Choix de 7 couleurs \u00e0 combiner, tableau de couleurs pour plus de pr\u00e9cision<br \/>\n&#8211; Tout le n\u00e9cessaire est inclus<br \/>\n&#8211; Instructions faciles \u00e0 suivre<br \/>\nFabriqu\u00e9 par Permatex<\/p>\n","protected":false},"featured_media":15532,"comment_status":"open","ping_status":"closed","template":"","meta":[],"product_brand":[],"product_cat":[427],"product_tag":[],"class_list":{"0":"post-15533","1":"product","2":"type-product","3":"status-publish","4":"has-post-thumbnail","6":"product_cat-silicones-et-adhesifs","7":"has-post-title","8":"has-post-date","9":"has-post-category","10":"has-post-tag","11":"has-post-comment","12":"has-post-author","13":"","14":"fullcover","16":"first","17":"instock","18":"taxable","19":"shipping-taxable","20":"purchasable","21":"product-type-simple"},"jetpack_sharing_enabled":true,"builder_content":"","_links":{"self":[{"href":"https:\/\/fittingsgo.com\/fr\/wp-json\/wp\/v2\/product\/15533","targetHints":{"allow":["GET"]}}],"collection":[{"href":"https:\/\/fittingsgo.com\/fr\/wp-json\/wp\/v2\/product"}],"about":[{"href":"https:\/\/fittingsgo.com\/fr\/wp-json\/wp\/v2\/types\/product"}],"replies":[{"embeddable":true,"href":"https:\/\/fittingsgo.com\/fr\/wp-json\/wp\/v2\/comments?post=15533"}],"wp:featuredmedia":[{"embeddable":true,"href":"https:\/\/fittingsgo.com\/fr\/wp-json\/wp\/v2\/media\/15532"}],"wp:attachment":[{"href":"https:\/\/fittingsgo.com\/fr\/wp-json\/wp\/v2\/media?parent=15533"}],"wp:term":[{"taxonomy":"product_brand","embeddable":true,"href":"https:\/\/fittingsgo.com\/fr\/wp-json\/wp\/v2\/product_brand?post=15533"},{"taxonomy":"product_cat","embeddable":true,"href":"https:\/\/fittingsgo.com\/fr\/wp-json\/wp\/v2\/product_cat?post=15533"},{"taxonomy":"product_tag","embeddable":true,"href":"https:\/\/fittingsgo.com\/fr\/wp-json\/wp\/v2\/product_tag?post=15533"}],"curies":[{"name":"wp","href":"https:\/\/api.w.org\/{rel}","templated":true}]}}