{"id":15479,"date":"2020-04-26T22:11:36","date_gmt":"2020-04-27T03:11:36","guid":{"rendered":"https:\/\/fittingsgo.com\/product\/catch-can-universels-de-vibrant\/"},"modified":"2020-05-05T19:08:37","modified_gmt":"2020-05-06T00:08:37","slug":"catch-can-universel-de-vibrant","status":"publish","type":"product","link":"https:\/\/fittingsgo.com\/fr\/produit\/catch-can-universel-de-vibrant\/","title":{"rendered":"\u00abCatch Can\u00bb universel de Vibrant"},"content":{"rendered":"<p>12695<br \/>\n&#8211; Construction en aluminium 6061.<br \/>\n&#8211; TankSize: 4 po (101,6 mm) O.D. x 8 po (203,2 mm) de hauteur. Volume total: 1,2 litre (40,5 oz liquide).<br \/>\n&#8211; D\u00e9flecteur interne pour am\u00e9liorer la capture et la collecte de vapeur d&#8217;huile tout en emp\u00eachant le contenu de s&#8217;\u00e9chapper.<br \/>\n&#8211; Support de montage en acier inoxydable 304 qui peut \u00eatre synchronis\u00e9 \u00e0 360\u00b0 pour offrir des options de position de montage infinies.<br \/>\n&#8211; Jauge incluse pour v\u00e9rifier facilement les niveaux de liquide.<br \/>\n&#8211; Compatible avec les raccords et flexibles \u00e0 performance vibrante.<\/p>\n<div id=\"themify_builder_content-15479\" data-postid=\"15479\" class=\"themify_builder_content themify_builder_content-15479 themify_builder\">\n    <\/div>\n<!-- \/themify_builder_content -->\n","protected":false},"excerpt":{"rendered":"<p>La conception \u00abOPEN LOOP\u00bb de Vibrant comprend un \u00e9l\u00e9ment filtrant encastr\u00e9 en acier inoxydable et comprend deux (2) raccords \u00e9vas\u00e9s m\u00e2le -10 AN int\u00e9gr\u00e9s dans le capuchon du r\u00e9cup\u00e9rateur.<\/p>\n","protected":false},"featured_media":15472,"comment_status":"open","ping_status":"closed","template":"","meta":[],"product_brand":[],"product_cat":[657],"product_tag":[],"class_list":{"0":"post-15479","1":"product","2":"type-product","3":"status-publish","4":"has-post-thumbnail","6":"product_cat-catch-can","7":"has-post-title","8":"has-post-date","9":"has-post-category","10":"has-post-tag","11":"has-post-comment","12":"has-post-author","13":"","14":"fullcover","16":"first","17":"outofstock","18":"taxable","19":"shipping-taxable","20":"purchasable","21":"product-type-simple"},"jetpack_sharing_enabled":true,"builder_content":"","_links":{"self":[{"href":"https:\/\/fittingsgo.com\/fr\/wp-json\/wp\/v2\/product\/15479","targetHints":{"allow":["GET"]}}],"collection":[{"href":"https:\/\/fittingsgo.com\/fr\/wp-json\/wp\/v2\/product"}],"about":[{"href":"https:\/\/fittingsgo.com\/fr\/wp-json\/wp\/v2\/types\/product"}],"replies":[{"embeddable":true,"href":"https:\/\/fittingsgo.com\/fr\/wp-json\/wp\/v2\/comments?post=15479"}],"wp:featuredmedia":[{"embeddable":true,"href":"https:\/\/fittingsgo.com\/fr\/wp-json\/wp\/v2\/media\/15472"}],"wp:attachment":[{"href":"https:\/\/fittingsgo.com\/fr\/wp-json\/wp\/v2\/media?parent=15479"}],"wp:term":[{"taxonomy":"product_brand","embeddable":true,"href":"https:\/\/fittingsgo.com\/fr\/wp-json\/wp\/v2\/product_brand?post=15479"},{"taxonomy":"product_cat","embeddable":true,"href":"https:\/\/fittingsgo.com\/fr\/wp-json\/wp\/v2\/product_cat?post=15479"},{"taxonomy":"product_tag","embeddable":true,"href":"https:\/\/fittingsgo.com\/fr\/wp-json\/wp\/v2\/product_tag?post=15479"}],"curies":[{"name":"wp","href":"https:\/\/api.w.org\/{rel}","templated":true}]}}