{"id":15466,"date":"2020-04-26T21:57:23","date_gmt":"2020-04-27T02:57:23","guid":{"rendered":"https:\/\/fittingsgo.com\/product\/raccords-dextremite-de-tuyau-a-enfoncer-femelle-an\/"},"modified":"2020-04-26T22:02:15","modified_gmt":"2020-04-27T03:02:15","slug":"raccords-dextremite-90-de-tuyau-a-enfoncer-femelle-an","status":"publish","type":"product","link":"https:\/\/fittingsgo.com\/fr\/produit\/raccords-dextremite-90-de-tuyau-a-enfoncer-femelle-an\/","title":{"rendered":"Raccords d&#8217;extr\u00e9mit\u00e9 90\u00b0 de tuyau \u00e0 enfoncer, femelle AN"},"content":{"rendered":"<p>22908, 22910<\/p>\n<div id=\"themify_builder_content-15466\" data-postid=\"15466\" class=\"themify_builder_content themify_builder_content-15466 themify_builder\">\n    <\/div>\n<!-- \/themify_builder_content -->\n","protected":false},"excerpt":{"rendered":"<p>&#8211; Les raccords d&#8217;extr\u00e9mit\u00e9 de tuyau vibrants \u00e0 pousser sont fabriqu\u00e9s en alliage d&#8217;aluminium 6061.<br \/>\n&#8211; Disponible en finition anodis\u00e9e dure noire uniquement.<br \/>\n&#8211; Ces raccords l\u00e9gers permettent un assemblage facile et s\u00fbr du tuyau.<br \/>\nFabriqu\u00e9 par Vibrant<\/p>\n","protected":false},"featured_media":15465,"comment_status":"open","ping_status":"closed","template":"","meta":[],"product_brand":[],"product_cat":[285],"product_tag":[],"class_list":{"0":"post-15466","1":"product","2":"type-product","3":"status-publish","4":"has-post-thumbnail","6":"product_cat-plomberie-de-performance","7":"has-post-title","8":"has-post-date","9":"has-post-category","10":"has-post-tag","11":"has-post-comment","12":"has-post-author","13":"","14":"fullcover","16":"first","17":"instock","18":"taxable","19":"shipping-taxable","20":"purchasable","21":"product-type-variable"},"jetpack_sharing_enabled":true,"builder_content":"","_links":{"self":[{"href":"https:\/\/fittingsgo.com\/fr\/wp-json\/wp\/v2\/product\/15466","targetHints":{"allow":["GET"]}}],"collection":[{"href":"https:\/\/fittingsgo.com\/fr\/wp-json\/wp\/v2\/product"}],"about":[{"href":"https:\/\/fittingsgo.com\/fr\/wp-json\/wp\/v2\/types\/product"}],"replies":[{"embeddable":true,"href":"https:\/\/fittingsgo.com\/fr\/wp-json\/wp\/v2\/comments?post=15466"}],"wp:featuredmedia":[{"embeddable":true,"href":"https:\/\/fittingsgo.com\/fr\/wp-json\/wp\/v2\/media\/15465"}],"wp:attachment":[{"href":"https:\/\/fittingsgo.com\/fr\/wp-json\/wp\/v2\/media?parent=15466"}],"wp:term":[{"taxonomy":"product_brand","embeddable":true,"href":"https:\/\/fittingsgo.com\/fr\/wp-json\/wp\/v2\/product_brand?post=15466"},{"taxonomy":"product_cat","embeddable":true,"href":"https:\/\/fittingsgo.com\/fr\/wp-json\/wp\/v2\/product_cat?post=15466"},{"taxonomy":"product_tag","embeddable":true,"href":"https:\/\/fittingsgo.com\/fr\/wp-json\/wp\/v2\/product_tag?post=15466"}],"curies":[{"name":"wp","href":"https:\/\/api.w.org\/{rel}","templated":true}]}}