{"id":15451,"date":"2020-04-26T21:32:40","date_gmt":"2020-04-27T02:32:40","guid":{"rendered":"https:\/\/fittingsgo.com\/product\/disques-de-traitement-de-surface\/"},"modified":"2020-04-26T21:35:47","modified_gmt":"2020-04-27T02:35:47","slug":"disques-de-traitement-de-surface","status":"publish","type":"product","link":"https:\/\/fittingsgo.com\/fr\/produit\/disques-de-traitement-de-surface\/","title":{"rendered":"Disques de traitement de surface"},"content":{"rendered":"<p>502255, 502257, 502259, 502260, 502262, 502264<\/p>\n<div id=\"themify_builder_content-15451\" data-postid=\"15451\" class=\"themify_builder_content themify_builder_content-15451 themify_builder\">\n    <\/div>\n<!-- \/themify_builder_content -->\n","protected":false},"excerpt":{"rendered":"<p>&#8211; Fournit une excellente finition sans creuser le mat\u00e9riau de base ni alt\u00e9rer les dimensions du mat\u00e9riau d&#8217;origine<br \/>\n&#8211; Le coussin en fibre de nylon enduit d&#8217;oxyde d&#8217;aluminium r\u00e9siste au chargement du mat\u00e9riau et offre une finition uniforme uniform\u00e9ment lisse<br \/>\n&#8211; Id\u00e9al pour la pr\u00e9paration des surfaces, l&#8217;\u00e9limination de la rouille, l&#8217;\u00e9bavurage, l&#8217;\u00e9limination de la peinture, le m\u00e9lange et la finition de l&#8217;acier, de l&#8217;acier inoxydable, de l&#8217;acier alli\u00e9, de l&#8217;aluminium et de la fibre de verre<br \/>\n&#8211; Syst\u00e8me de montage de type R \u00e0 utiliser avec les supports 502332 et 502333<br \/>\nVendus s\u00e9par\u00e9ment<br \/>\nFabriqu\u00e9 par Jet<\/p>\n","protected":false},"featured_media":15448,"comment_status":"open","ping_status":"closed","template":"","meta":[],"product_brand":[],"product_cat":[453],"product_tag":[],"class_list":{"0":"post-15451","1":"product","2":"type-product","3":"status-publish","4":"has-post-thumbnail","6":"product_cat-patins-de-poncage-et-accessoires","7":"has-post-title","8":"has-post-date","9":"has-post-category","10":"has-post-tag","11":"has-post-comment","12":"has-post-author","13":"","14":"fullcover","16":"first","17":"instock","18":"taxable","19":"shipping-taxable","20":"purchasable","21":"product-type-variable"},"jetpack_sharing_enabled":true,"builder_content":"","_links":{"self":[{"href":"https:\/\/fittingsgo.com\/fr\/wp-json\/wp\/v2\/product\/15451","targetHints":{"allow":["GET"]}}],"collection":[{"href":"https:\/\/fittingsgo.com\/fr\/wp-json\/wp\/v2\/product"}],"about":[{"href":"https:\/\/fittingsgo.com\/fr\/wp-json\/wp\/v2\/types\/product"}],"replies":[{"embeddable":true,"href":"https:\/\/fittingsgo.com\/fr\/wp-json\/wp\/v2\/comments?post=15451"}],"wp:featuredmedia":[{"embeddable":true,"href":"https:\/\/fittingsgo.com\/fr\/wp-json\/wp\/v2\/media\/15448"}],"wp:attachment":[{"href":"https:\/\/fittingsgo.com\/fr\/wp-json\/wp\/v2\/media?parent=15451"}],"wp:term":[{"taxonomy":"product_brand","embeddable":true,"href":"https:\/\/fittingsgo.com\/fr\/wp-json\/wp\/v2\/product_brand?post=15451"},{"taxonomy":"product_cat","embeddable":true,"href":"https:\/\/fittingsgo.com\/fr\/wp-json\/wp\/v2\/product_cat?post=15451"},{"taxonomy":"product_tag","embeddable":true,"href":"https:\/\/fittingsgo.com\/fr\/wp-json\/wp\/v2\/product_tag?post=15451"}],"curies":[{"name":"wp","href":"https:\/\/api.w.org\/{rel}","templated":true}]}}