{"id":15433,"date":"2020-04-26T21:20:39","date_gmt":"2020-04-27T02:20:39","guid":{"rendered":"https:\/\/fittingsgo.com\/product\/disques-de-poncage-en-tissu-en-aluminium-zircone-de-haute-performance-pour-meuleuses-droites\/"},"modified":"2020-04-26T21:24:03","modified_gmt":"2020-04-27T02:24:03","slug":"disques-de-poncage-en-tissu-en-aluminium-zircone-de-haute-performance-pour-meuleuses-droites","status":"publish","type":"product","link":"https:\/\/fittingsgo.com\/fr\/produit\/disques-de-poncage-en-tissu-en-aluminium-zircone-de-haute-performance-pour-meuleuses-droites\/","title":{"rendered":"Disques de pon\u00e7age en tissu en aluminium zircone de haute performance (pour meuleuses droites)"},"content":{"rendered":"<p>502172, 502174, 502176, 502182, 502184, 502186<\/p>\n<div id=\"themify_builder_content-15433\" data-postid=\"15433\" class=\"themify_builder_content themify_builder_content-15433 themify_builder\">\n    <\/div>\n<!-- \/themify_builder_content -->\n","protected":false},"excerpt":{"rendered":"<p>&#8211; Les disques haute performance sont fabriqu\u00e9s avec un grain d&#8217;alumine zircone r\u00e9sistant. Ils durent plus longtemps et coupent plus rapidement et plus froid que les disques en oxyde d&#8217;aluminium ordinaires<br \/>\n&#8211; Utilis\u00e9 pour le meulage, le m\u00e9lange et la finition rapides de tous les m\u00e9taux, y compris l&#8217;acier, l&#8217;acier inoxydable et le titane<br \/>\n&#8211; Compatible avec tous les syst\u00e8mes de montage roll-on (type \u00abR\u00bb)<br \/>\n&#8211; Le syst\u00e8me de changement rapide permet de changer les disques facilement et rapidement, ce qui permet de gagner du temps<br \/>\net augmenter la productivit\u00e9<br \/>\nVendus s\u00e9par\u00e9ment<br \/>\nFabriqu\u00e9 par Jet<\/p>\n","protected":false},"featured_media":15432,"comment_status":"open","ping_status":"closed","template":"","meta":[],"product_brand":[],"product_cat":[453],"product_tag":[],"class_list":{"0":"post-15433","1":"product","2":"type-product","3":"status-publish","4":"has-post-thumbnail","6":"product_cat-patins-de-poncage-et-accessoires","7":"has-post-title","8":"has-post-date","9":"has-post-category","10":"has-post-tag","11":"has-post-comment","12":"has-post-author","13":"","14":"fullcover","16":"first","17":"instock","18":"taxable","19":"shipping-taxable","20":"purchasable","21":"product-type-variable"},"jetpack_sharing_enabled":true,"builder_content":"","_links":{"self":[{"href":"https:\/\/fittingsgo.com\/fr\/wp-json\/wp\/v2\/product\/15433","targetHints":{"allow":["GET"]}}],"collection":[{"href":"https:\/\/fittingsgo.com\/fr\/wp-json\/wp\/v2\/product"}],"about":[{"href":"https:\/\/fittingsgo.com\/fr\/wp-json\/wp\/v2\/types\/product"}],"replies":[{"embeddable":true,"href":"https:\/\/fittingsgo.com\/fr\/wp-json\/wp\/v2\/comments?post=15433"}],"wp:featuredmedia":[{"embeddable":true,"href":"https:\/\/fittingsgo.com\/fr\/wp-json\/wp\/v2\/media\/15432"}],"wp:attachment":[{"href":"https:\/\/fittingsgo.com\/fr\/wp-json\/wp\/v2\/media?parent=15433"}],"wp:term":[{"taxonomy":"product_brand","embeddable":true,"href":"https:\/\/fittingsgo.com\/fr\/wp-json\/wp\/v2\/product_brand?post=15433"},{"taxonomy":"product_cat","embeddable":true,"href":"https:\/\/fittingsgo.com\/fr\/wp-json\/wp\/v2\/product_cat?post=15433"},{"taxonomy":"product_tag","embeddable":true,"href":"https:\/\/fittingsgo.com\/fr\/wp-json\/wp\/v2\/product_tag?post=15433"}],"curies":[{"name":"wp","href":"https:\/\/api.w.org\/{rel}","templated":true}]}}