{"id":15409,"date":"2020-04-26T20:50:57","date_gmt":"2020-04-27T01:50:57","guid":{"rendered":"https:\/\/fittingsgo.com\/product\/disques-de-poncage-en-tissu-en-oxyde-daluminium-a-usage-general-pour-meuleuses-droites\/"},"modified":"2020-04-26T20:57:20","modified_gmt":"2020-04-27T01:57:20","slug":"disques-de-poncage-en-tissu-en-oxyde-daluminium-a-usage-general-pour-meuleuses-droites","status":"publish","type":"product","link":"https:\/\/fittingsgo.com\/fr\/produit\/disques-de-poncage-en-tissu-en-oxyde-daluminium-a-usage-general-pour-meuleuses-droites\/","title":{"rendered":"Disques de pon\u00e7age en tissu en oxyde d&#8217;aluminium \u00e0 usage g\u00e9n\u00e9ral (pour meuleuses droites)"},"content":{"rendered":"<p>502122, 502124, 502126, 502127, 502128, 502130, 502132, 502142, 502144, 502146, 502147, 502148, 502150, 502152<\/p>\n<div id=\"themify_builder_content-15409\" data-postid=\"15409\" class=\"themify_builder_content themify_builder_content-15409 themify_builder\">\n    <\/div>\n<!-- \/themify_builder_content -->\n","protected":false},"excerpt":{"rendered":"<p>&#8211; Ces disques de tissu sont tout indiqu\u00e9s pour le meulage, l&#8217;uniformisation et l&#8217;\u00e9barbage d&#8217;une vaste gamme de m\u00e9taux<br \/>\n&#8211; Rigide, le support de tissu de ces disques r\u00e9siste au d\u00e9chirement et, gr\u00e2ce \u00e0 ses agents adh\u00e9sifs \u00e0 la r\u00e9sine et \u00e0 ses grains d&#8217;oxyde d&#8217;aluminium de qualit\u00e9,<br \/>\nprocure un produit qui offre un bon rendement<br \/>\n&#8211; Compatible avec le reste de system\u00e8s de type R<br \/>\n&#8211; Le syst\u00e8me \u00abroll-on\u00bb permet de changer les disques facilement et rapidement, et de gagner ainsi en temps et en productivit\u00e9.<br \/>\nVendus s\u00e9par\u00e9ment<br \/>\nFabriqu\u00e9 par Jet<\/p>\n","protected":false},"featured_media":15408,"comment_status":"open","ping_status":"closed","template":"","meta":[],"product_brand":[],"product_cat":[453],"product_tag":[],"class_list":{"0":"post-15409","1":"product","2":"type-product","3":"status-publish","4":"has-post-thumbnail","6":"product_cat-patins-de-poncage-et-accessoires","7":"has-post-title","8":"has-post-date","9":"has-post-category","10":"has-post-tag","11":"has-post-comment","12":"has-post-author","13":"","14":"fullcover","16":"first","17":"instock","18":"taxable","19":"shipping-taxable","20":"purchasable","21":"product-type-variable"},"jetpack_sharing_enabled":true,"builder_content":"","_links":{"self":[{"href":"https:\/\/fittingsgo.com\/fr\/wp-json\/wp\/v2\/product\/15409","targetHints":{"allow":["GET"]}}],"collection":[{"href":"https:\/\/fittingsgo.com\/fr\/wp-json\/wp\/v2\/product"}],"about":[{"href":"https:\/\/fittingsgo.com\/fr\/wp-json\/wp\/v2\/types\/product"}],"replies":[{"embeddable":true,"href":"https:\/\/fittingsgo.com\/fr\/wp-json\/wp\/v2\/comments?post=15409"}],"wp:featuredmedia":[{"embeddable":true,"href":"https:\/\/fittingsgo.com\/fr\/wp-json\/wp\/v2\/media\/15408"}],"wp:attachment":[{"href":"https:\/\/fittingsgo.com\/fr\/wp-json\/wp\/v2\/media?parent=15409"}],"wp:term":[{"taxonomy":"product_brand","embeddable":true,"href":"https:\/\/fittingsgo.com\/fr\/wp-json\/wp\/v2\/product_brand?post=15409"},{"taxonomy":"product_cat","embeddable":true,"href":"https:\/\/fittingsgo.com\/fr\/wp-json\/wp\/v2\/product_cat?post=15409"},{"taxonomy":"product_tag","embeddable":true,"href":"https:\/\/fittingsgo.com\/fr\/wp-json\/wp\/v2\/product_tag?post=15409"}],"curies":[{"name":"wp","href":"https:\/\/api.w.org\/{rel}","templated":true}]}}