{"id":15389,"date":"2020-04-26T20:24:39","date_gmt":"2020-04-27T01:24:39","guid":{"rendered":"https:\/\/fittingsgo.com\/product\/patin-a-utiliser-avec-roll-on\/"},"modified":"2020-04-26T21:47:19","modified_gmt":"2020-04-27T02:47:19","slug":"patin-a-utiliser-avec-roll-on","status":"publish","type":"product","link":"https:\/\/fittingsgo.com\/fr\/produit\/patin-a-utiliser-avec-roll-on\/","title":{"rendered":"Patin \u00e0 utiliser avec Roll-On"},"content":{"rendered":"<p>502332, 502333<\/p>\n<div id=\"themify_builder_content-15389\" data-postid=\"15389\" class=\"themify_builder_content themify_builder_content-15389 themify_builder\">\n    <\/div>\n<!-- \/themify_builder_content -->\n","protected":false},"excerpt":{"rendered":"<p>Patin de pour une utilisation avec tous les types de produits roll-on (meuleuses droites)<br \/>\nQueue 1\/4 po<br \/>\n2 pouces est \u00e9valu\u00e9 \u00e0 30 000 tr\/min<br \/>\n3 pouces est \u00e9valu\u00e9 \u00e0 20 000 tr\/min<br \/>\nFabriqu\u00e9 par Jet<\/p>\n","protected":false},"featured_media":15388,"comment_status":"open","ping_status":"closed","template":"","meta":[],"product_brand":[],"product_cat":[453],"product_tag":[],"class_list":{"0":"post-15389","1":"product","2":"type-product","3":"status-publish","4":"has-post-thumbnail","6":"product_cat-patins-de-poncage-et-accessoires","7":"has-post-title","8":"has-post-date","9":"has-post-category","10":"has-post-tag","11":"has-post-comment","12":"has-post-author","13":"","14":"fullcover","16":"first","17":"instock","18":"taxable","19":"shipping-taxable","20":"purchasable","21":"product-type-variable"},"jetpack_sharing_enabled":true,"builder_content":"","_links":{"self":[{"href":"https:\/\/fittingsgo.com\/fr\/wp-json\/wp\/v2\/product\/15389","targetHints":{"allow":["GET"]}}],"collection":[{"href":"https:\/\/fittingsgo.com\/fr\/wp-json\/wp\/v2\/product"}],"about":[{"href":"https:\/\/fittingsgo.com\/fr\/wp-json\/wp\/v2\/types\/product"}],"replies":[{"embeddable":true,"href":"https:\/\/fittingsgo.com\/fr\/wp-json\/wp\/v2\/comments?post=15389"}],"wp:featuredmedia":[{"embeddable":true,"href":"https:\/\/fittingsgo.com\/fr\/wp-json\/wp\/v2\/media\/15388"}],"wp:attachment":[{"href":"https:\/\/fittingsgo.com\/fr\/wp-json\/wp\/v2\/media?parent=15389"}],"wp:term":[{"taxonomy":"product_brand","embeddable":true,"href":"https:\/\/fittingsgo.com\/fr\/wp-json\/wp\/v2\/product_brand?post=15389"},{"taxonomy":"product_cat","embeddable":true,"href":"https:\/\/fittingsgo.com\/fr\/wp-json\/wp\/v2\/product_cat?post=15389"},{"taxonomy":"product_tag","embeddable":true,"href":"https:\/\/fittingsgo.com\/fr\/wp-json\/wp\/v2\/product_tag?post=15389"}],"curies":[{"name":"wp","href":"https:\/\/api.w.org\/{rel}","templated":true}]}}