{"id":15140,"date":"2020-04-20T20:21:50","date_gmt":"2020-04-21T01:21:50","guid":{"rendered":"https:\/\/fittingsgo.com\/product\/machinerie-agricole-et-outillage\/"},"modified":"2023-08-26T17:40:28","modified_gmt":"2023-08-26T22:40:28","slug":"machinerie-agricole-et-outillage","status":"publish","type":"product","link":"https:\/\/fittingsgo.com\/fr\/produit\/machinerie-agricole-et-outillage\/","title":{"rendered":"Machinerie agricole et outillage"},"content":{"rendered":"<p>419320, 419340, 419440, 419460, 419530, 419660, 419700, 419740, 419780, 419850, 420230, 420250, 420330, 420370, 420420<br \/>\nLa gamme compl\u00e8te de peinture Krylon pour machinerie agricole et outillage combine la facilit\u00e9 d\u2019application et la qualit\u00e9 Krylon \u00e0 laquelle vous faites confiance avec la durabilit\u00e9 et la protection qu\u2019exigent vos travaux les plus rudes. Nos couleurs assorties aux couleurs d\u2019origine de machinerie sont offertes dans une gamme compl\u00e8te de formats &#8211; canettes d\u2019a\u00e9rosol, 946 ml et 3,78 L &#8211; et s\u2019appliquent au pinceau, au pistolet ou en a\u00e9rosol pour donner \u00e0 toute votre machinerie un fini lisse et durable. Ces produits offrent divers avantages, tels qu\u2019un rendement en surface, l\u2019adh\u00e9sion sur le m\u00e9tal direct, la protection contre<br \/>\nla rouille et les intemp\u00e9ries et une rapidit\u00e9 de s\u00e9chage incomparables, ainsi que l\u2019assurance de r\u00e9aliser un fini de qualit\u00e9 professionnelle. Un diluant est aussi offert pour faciliter l\u2019application au pistolet, ainsi qu\u2019un durcisseur qui accro\u00eet la dur\u00e9e de la protection. Qu\u2019il s\u2019agisse de faire de petites retouches, de gros travaux de peinture ou tout ce qu\u2019il y a entre les deux, choisissez l\u2019enduit antirouille lustr\u00e9 par excellence : la peinture Krylon pour machinerie agricole et outillage.<\/p>\n<div id=\"themify_builder_content-15140\" data-postid=\"15140\" class=\"themify_builder_content themify_builder_content-15140 themify_builder\">\n    <\/div>\n<!-- \/themify_builder_content -->\n","protected":false},"excerpt":{"rendered":"<p>&#8211; R\u00e9sistance \u00e0 la corrosion<br \/>\n&#8211; S\u00e9chage rapide<br \/>\n&#8211; Application directement sur le m\u00e9tal<br \/>\n&#8211; Conformit\u00e9 de la teneur en COV<br \/>\n&#8211; Fini ultra lustr\u00e9<br \/>\nFabriqu\u00e9 par Krylon<\/p>\n","protected":false},"featured_media":15187,"comment_status":"open","ping_status":"closed","template":"","meta":[],"product_brand":[],"product_cat":[326],"product_tag":[],"class_list":{"0":"post-15140","1":"product","2":"type-product","3":"status-publish","4":"has-post-thumbnail","6":"product_cat-peintures-apprets-etc","7":"has-post-title","8":"has-post-date","9":"has-post-category","10":"has-post-tag","11":"has-post-comment","12":"has-post-author","13":"","14":"fullcover","16":"first","17":"instock","18":"taxable","19":"shipping-taxable","20":"purchasable","21":"product-type-variable"},"jetpack_sharing_enabled":true,"builder_content":"","_links":{"self":[{"href":"https:\/\/fittingsgo.com\/fr\/wp-json\/wp\/v2\/product\/15140","targetHints":{"allow":["GET"]}}],"collection":[{"href":"https:\/\/fittingsgo.com\/fr\/wp-json\/wp\/v2\/product"}],"about":[{"href":"https:\/\/fittingsgo.com\/fr\/wp-json\/wp\/v2\/types\/product"}],"replies":[{"embeddable":true,"href":"https:\/\/fittingsgo.com\/fr\/wp-json\/wp\/v2\/comments?post=15140"}],"wp:featuredmedia":[{"embeddable":true,"href":"https:\/\/fittingsgo.com\/fr\/wp-json\/wp\/v2\/media\/15187"}],"wp:attachment":[{"href":"https:\/\/fittingsgo.com\/fr\/wp-json\/wp\/v2\/media?parent=15140"}],"wp:term":[{"taxonomy":"product_brand","embeddable":true,"href":"https:\/\/fittingsgo.com\/fr\/wp-json\/wp\/v2\/product_brand?post=15140"},{"taxonomy":"product_cat","embeddable":true,"href":"https:\/\/fittingsgo.com\/fr\/wp-json\/wp\/v2\/product_cat?post=15140"},{"taxonomy":"product_tag","embeddable":true,"href":"https:\/\/fittingsgo.com\/fr\/wp-json\/wp\/v2\/product_tag?post=15140"}],"curies":[{"name":"wp","href":"https:\/\/api.w.org\/{rel}","templated":true}]}}