{"id":15119,"date":"2020-04-19T21:30:13","date_gmt":"2020-04-20T02:30:13","guid":{"rendered":"https:\/\/fittingsgo.com\/product\/fr-liqui-moly-5w30-gm-dexos\/"},"modified":"2020-04-19T21:34:26","modified_gmt":"2020-04-20T02:34:26","slug":"fr-liqui-moly-5w30-gm-dexos","status":"publish","type":"product","link":"https:\/\/fittingsgo.com\/fr\/produit\/fr-liqui-moly-5w30-gm-dexos\/","title":{"rendered":"Liqui Moly 5W30 GM Dexos"},"content":{"rendered":"<p>LM20316, LM20318<\/p>\n<div id=\"themify_builder_content-15119\" data-postid=\"15119\" class=\"themify_builder_content themify_builder_content-15119 themify_builder\">\n    <\/div>\n<!-- \/themify_builder_content -->\n","protected":false},"excerpt":{"rendered":"<p>SPECIAL TEC DX1 5W-30<br \/>\nSp\u00e9cialement d\u00e9velopp\u00e9 pour les exigences des v\u00e9hicules GM et Opel avec moteur \u00e0 essence. D&#8217;autres constructeurs automobiles tels que Chrysler, Ford, Kia, Honda, Hyundai, Mazda, Nissan, Toyota, etc. ont parfois besoin d&#8217;un lubrifiant avec cette sp\u00e9cification pour diff\u00e9rents types de v\u00e9hicules.<br \/>\nENTI\u00c8REMENT SYNTH\u00c9TIQUE<br \/>\nFABRIQU\u00c9 EN ALLEMAGNE<\/p>\n","protected":false},"featured_media":15118,"comment_status":"open","ping_status":"closed","template":"","meta":[],"product_brand":[],"product_cat":[320],"product_tag":[],"class_list":{"0":"post-15119","1":"product","2":"type-product","3":"status-publish","4":"has-post-thumbnail","6":"product_cat-huile-de-moteur","7":"has-post-title","8":"has-post-date","9":"has-post-category","10":"has-post-tag","11":"has-post-comment","12":"has-post-author","13":"","14":"fullcover","16":"first","17":"outofstock","18":"taxable","19":"shipping-taxable","20":"purchasable","21":"product-type-variable"},"jetpack_sharing_enabled":true,"builder_content":"","_links":{"self":[{"href":"https:\/\/fittingsgo.com\/fr\/wp-json\/wp\/v2\/product\/15119","targetHints":{"allow":["GET"]}}],"collection":[{"href":"https:\/\/fittingsgo.com\/fr\/wp-json\/wp\/v2\/product"}],"about":[{"href":"https:\/\/fittingsgo.com\/fr\/wp-json\/wp\/v2\/types\/product"}],"replies":[{"embeddable":true,"href":"https:\/\/fittingsgo.com\/fr\/wp-json\/wp\/v2\/comments?post=15119"}],"wp:featuredmedia":[{"embeddable":true,"href":"https:\/\/fittingsgo.com\/fr\/wp-json\/wp\/v2\/media\/15118"}],"wp:attachment":[{"href":"https:\/\/fittingsgo.com\/fr\/wp-json\/wp\/v2\/media?parent=15119"}],"wp:term":[{"taxonomy":"product_brand","embeddable":true,"href":"https:\/\/fittingsgo.com\/fr\/wp-json\/wp\/v2\/product_brand?post=15119"},{"taxonomy":"product_cat","embeddable":true,"href":"https:\/\/fittingsgo.com\/fr\/wp-json\/wp\/v2\/product_cat?post=15119"},{"taxonomy":"product_tag","embeddable":true,"href":"https:\/\/fittingsgo.com\/fr\/wp-json\/wp\/v2\/product_tag?post=15119"}],"curies":[{"name":"wp","href":"https:\/\/api.w.org\/{rel}","templated":true}]}}