{"id":15082,"date":"2020-04-19T20:58:08","date_gmt":"2020-04-20T01:58:08","guid":{"rendered":"https:\/\/fittingsgo.com\/product\/appret-high-build-surfacer\/"},"modified":"2020-04-19T21:01:06","modified_gmt":"2020-04-20T02:01:06","slug":"appret-high-build-surfacer","status":"publish","type":"product","link":"https:\/\/fittingsgo.com\/fr\/produit\/appret-high-build-surfacer\/","title":{"rendered":"Appr\u00eat High-Build Surfacer"},"content":{"rendered":"<p>42003, 42013, 42033<\/p>\n<p>TRAITS<br \/>\n&#8211; Fournit une adh\u00e9rence sup\u00e9rieure<br \/>\n&#8211; Excellentes propri\u00e9t\u00e9s de remplissage<br \/>\n&#8211; Fonctionne sur plusieurs substrats, y compris le m\u00e9tal et le plastique<br \/>\n&#8211; Facile \u00e0 poncer<br \/>\n&#8211; Couche de finition avec la plupart des mat\u00e9riaux de finition<\/p>\n<div id=\"themify_builder_content-15082\" data-postid=\"15082\" class=\"themify_builder_content themify_builder_content-15082 themify_builder\">\n    <\/div>\n<!-- \/themify_builder_content -->\n","protected":false},"excerpt":{"rendered":"<p>L&#8217;appr\u00eat surfa\u00e7ant \u00e0 haut pouvoir garnissant est un rev\u00eatement acrylique flexible pour l&#8217;appr\u00eatage de l&#8217;acier, de l&#8217;aluminium, de l&#8217;ur\u00e9thane, de la fibre de verre et des plastiques.<br \/>\nFabriqu\u00e9 par SEM<br \/>\n454 g<\/p>\n","protected":false},"featured_media":15081,"comment_status":"open","ping_status":"closed","template":"","meta":[],"product_brand":[],"product_cat":[326],"product_tag":[],"class_list":{"0":"post-15082","1":"product","2":"type-product","3":"status-publish","4":"has-post-thumbnail","6":"product_cat-peintures-apprets-etc","7":"has-post-title","8":"has-post-date","9":"has-post-category","10":"has-post-tag","11":"has-post-comment","12":"has-post-author","13":"","14":"fullcover","16":"first","17":"instock","18":"taxable","19":"shipping-taxable","20":"purchasable","21":"product-type-variable"},"jetpack_sharing_enabled":true,"builder_content":"","_links":{"self":[{"href":"https:\/\/fittingsgo.com\/fr\/wp-json\/wp\/v2\/product\/15082","targetHints":{"allow":["GET"]}}],"collection":[{"href":"https:\/\/fittingsgo.com\/fr\/wp-json\/wp\/v2\/product"}],"about":[{"href":"https:\/\/fittingsgo.com\/fr\/wp-json\/wp\/v2\/types\/product"}],"replies":[{"embeddable":true,"href":"https:\/\/fittingsgo.com\/fr\/wp-json\/wp\/v2\/comments?post=15082"}],"wp:featuredmedia":[{"embeddable":true,"href":"https:\/\/fittingsgo.com\/fr\/wp-json\/wp\/v2\/media\/15081"}],"wp:attachment":[{"href":"https:\/\/fittingsgo.com\/fr\/wp-json\/wp\/v2\/media?parent=15082"}],"wp:term":[{"taxonomy":"product_brand","embeddable":true,"href":"https:\/\/fittingsgo.com\/fr\/wp-json\/wp\/v2\/product_brand?post=15082"},{"taxonomy":"product_cat","embeddable":true,"href":"https:\/\/fittingsgo.com\/fr\/wp-json\/wp\/v2\/product_cat?post=15082"},{"taxonomy":"product_tag","embeddable":true,"href":"https:\/\/fittingsgo.com\/fr\/wp-json\/wp\/v2\/product_tag?post=15082"}],"curies":[{"name":"wp","href":"https:\/\/api.w.org\/{rel}","templated":true}]}}