{"id":15071,"date":"2020-04-19T20:46:57","date_gmt":"2020-04-20T01:46:57","guid":{"rendered":"https:\/\/fittingsgo.com\/product\/16-pc-jeu-de-cles-principales-decrou-de-blocage\/"},"modified":"2020-04-19T20:50:19","modified_gmt":"2020-04-20T01:50:19","slug":"16-pc-jeu-de-cles-principales-decrou-de-blocage","status":"publish","type":"product","link":"https:\/\/fittingsgo.com\/fr\/produit\/16-pc-jeu-de-cles-principales-decrou-de-blocage\/","title":{"rendered":"16 Pc. Jeu de cl\u00e9s principales d&#8217;\u00e9crou de blocage"},"content":{"rendered":"<p>ATD-3065, ATD3065<\/p>\n<p>L&#8217;ensemble comprend:<br \/>\n(1) Douille 12 cannelures de petit diam\u00e8tre, 11\/16  po de diam\u00e8tre int\u00e9rieur<br \/>\n(1) Douille \u00e0 6 cannelures de petit diam\u00e8tre, diam\u00e8tre int\u00e9rieur de 41\/64 po<br \/>\n(1) Douille 6 cannelures de petit diam\u00e8tre, 45\/64 po de diam\u00e8tre int\u00e9rieur<br \/>\n(1) Cosse en \u00e9toile \u00e0 9 points, 1\/2 po de diam\u00e8tre ext\u00e9rieur<br \/>\n(1) Cosse hexagonale cannel\u00e9e de haute technologie, diam\u00e8tre ext\u00e9rieur de 12 mm<br \/>\n(1) Cosse hexagonale High Tech, diam\u00e8tre ext\u00e9rieur 12 mm<br \/>\n(1) Cosse hexagonale High Tech, diam\u00e8tre ext\u00e9rieur 9\/16 po<br \/>\n(1) Cosse en \u00e9toile \u00e0 8 points, 5\/8 po de diam\u00e8tre ext\u00e9rieur<br \/>\n(1) Douille \u00e0 7 cannelures de petit diam\u00e8tre, 5\/8 po de diam\u00e8tre int\u00e9rieur<br \/>\n(1) Douille \u00e0 5 cannelures de petit diam\u00e8tre, 5\/8 po de diam\u00e8tre int\u00e9rieur<br \/>\n(1) Douille \u00e0 7 cannelures de petit diam\u00e8tre, 11\/16 po de diam\u00e8tre int\u00e9rieur<br \/>\n(1) Cosse en \u00e9toile \u00e0 10 points, 1\/2 po de diam\u00e8tre ext\u00e9rieur<br \/>\n(1) Cosse en \u00e9toile \u00e0 8 points, diam\u00e8tre ext\u00e9rieur 7\/16 po<br \/>\n(1) Cosse hexagonale de haute technologie, diam\u00e8tre ext\u00e9rieur de 15 mm<br \/>\n(1) Douille 12 cannelures de petit diam\u00e8tre, 13\/16 po de diam\u00e8tre int\u00e9rieur<br \/>\n(1) Douille 7 cannelures de petit diam\u00e8tre, 3\/4 po de diam\u00e8tre int\u00e9rieur<\/p>\n<div id=\"themify_builder_content-15071\" data-postid=\"15071\" class=\"themify_builder_content themify_builder_content-15071 themify_builder\">\n    <\/div>\n<!-- \/themify_builder_content -->\n","protected":false},"excerpt":{"rendered":"<p>&#8211; Sp\u00e9cialement con\u00e7u pour retirer facilement les \u00e9crous de blocage des roues de rechange<br \/>\n&#8211; Les douilles minces emp\u00eachent d&#8217;endommager les roues<br \/>\n&#8211; Les cl\u00e9s \u00e0 ergots extra longues gardent votre cl\u00e9 loin de la roue, emp\u00eachant les entailles et les rayures<br \/>\n&#8211; La conception \u00e0 double t\u00eate hexagonale convient \u00e0 la plupart des cl\u00e9s \u00e0 ergot ainsi qu&#8217;aux douilles de 13\/16 po et 7\/8 po<br \/>\n&#8211; Construction en acier au chrome vanadium trait\u00e9 thermiquement<br \/>\n&#8211; Finition durable en oxyde noir<br \/>\nFabriqu\u00e9 par ATD Tools<\/p>\n","protected":false},"featured_media":15068,"comment_status":"open","ping_status":"closed","template":"","meta":[],"product_brand":[],"product_cat":[218],"product_tag":[],"class_list":{"0":"post-15071","1":"product","2":"type-product","3":"status-publish","4":"has-post-thumbnail","6":"product_cat-outils-de-pneus-et-roues","7":"has-post-title","8":"has-post-date","9":"has-post-category","10":"has-post-tag","11":"has-post-comment","12":"has-post-author","13":"","14":"fullcover","16":"first","17":"instock","18":"taxable","19":"shipping-taxable","20":"purchasable","21":"product-type-simple"},"jetpack_sharing_enabled":true,"builder_content":"","_links":{"self":[{"href":"https:\/\/fittingsgo.com\/fr\/wp-json\/wp\/v2\/product\/15071","targetHints":{"allow":["GET"]}}],"collection":[{"href":"https:\/\/fittingsgo.com\/fr\/wp-json\/wp\/v2\/product"}],"about":[{"href":"https:\/\/fittingsgo.com\/fr\/wp-json\/wp\/v2\/types\/product"}],"replies":[{"embeddable":true,"href":"https:\/\/fittingsgo.com\/fr\/wp-json\/wp\/v2\/comments?post=15071"}],"wp:featuredmedia":[{"embeddable":true,"href":"https:\/\/fittingsgo.com\/fr\/wp-json\/wp\/v2\/media\/15068"}],"wp:attachment":[{"href":"https:\/\/fittingsgo.com\/fr\/wp-json\/wp\/v2\/media?parent=15071"}],"wp:term":[{"taxonomy":"product_brand","embeddable":true,"href":"https:\/\/fittingsgo.com\/fr\/wp-json\/wp\/v2\/product_brand?post=15071"},{"taxonomy":"product_cat","embeddable":true,"href":"https:\/\/fittingsgo.com\/fr\/wp-json\/wp\/v2\/product_cat?post=15071"},{"taxonomy":"product_tag","embeddable":true,"href":"https:\/\/fittingsgo.com\/fr\/wp-json\/wp\/v2\/product_tag?post=15071"}],"curies":[{"name":"wp","href":"https:\/\/api.w.org\/{rel}","templated":true}]}}