{"id":15036,"date":"2020-04-19T19:53:19","date_gmt":"2020-04-20T00:53:19","guid":{"rendered":"https:\/\/fittingsgo.com\/product\/boulon-de-borne-cote-tres-long\/"},"modified":"2020-04-19T19:55:05","modified_gmt":"2020-04-20T00:55:05","slug":"boulon-de-borne-cote-tres-long","status":"publish","type":"product","link":"https:\/\/fittingsgo.com\/fr\/produit\/boulon-de-borne-cote-tres-long\/","title":{"rendered":"Boulon de borne c\u00f4t\u00e9 tr\u00e8s long"},"content":{"rendered":"<p>5298-11, 529811<\/p>\n<div id=\"themify_builder_content-15036\" data-postid=\"15036\" class=\"themify_builder_content themify_builder_content-15036 themify_builder\">\n    <\/div>\n<!-- \/themify_builder_content -->\n","protected":false},"excerpt":{"rendered":"<p>Boulon de remplacement OEM<br \/>\nFabriqu\u00e9 par Pico<br \/>\nPaquet de 1<\/p>\n","protected":false},"featured_media":15035,"comment_status":"open","ping_status":"closed","template":"","meta":[],"product_brand":[],"product_cat":[265],"product_tag":[],"class_list":{"0":"post-15036","1":"product","2":"type-product","3":"status-publish","4":"has-post-thumbnail","6":"product_cat-terminaux","7":"has-post-title","8":"has-post-date","9":"has-post-category","10":"has-post-tag","11":"has-post-comment","12":"has-post-author","13":"","14":"fullcover","16":"first","17":"instock","18":"taxable","19":"shipping-taxable","20":"purchasable","21":"product-type-simple"},"jetpack_sharing_enabled":true,"builder_content":"","_links":{"self":[{"href":"https:\/\/fittingsgo.com\/fr\/wp-json\/wp\/v2\/product\/15036","targetHints":{"allow":["GET"]}}],"collection":[{"href":"https:\/\/fittingsgo.com\/fr\/wp-json\/wp\/v2\/product"}],"about":[{"href":"https:\/\/fittingsgo.com\/fr\/wp-json\/wp\/v2\/types\/product"}],"replies":[{"embeddable":true,"href":"https:\/\/fittingsgo.com\/fr\/wp-json\/wp\/v2\/comments?post=15036"}],"wp:featuredmedia":[{"embeddable":true,"href":"https:\/\/fittingsgo.com\/fr\/wp-json\/wp\/v2\/media\/15035"}],"wp:attachment":[{"href":"https:\/\/fittingsgo.com\/fr\/wp-json\/wp\/v2\/media?parent=15036"}],"wp:term":[{"taxonomy":"product_brand","embeddable":true,"href":"https:\/\/fittingsgo.com\/fr\/wp-json\/wp\/v2\/product_brand?post=15036"},{"taxonomy":"product_cat","embeddable":true,"href":"https:\/\/fittingsgo.com\/fr\/wp-json\/wp\/v2\/product_cat?post=15036"},{"taxonomy":"product_tag","embeddable":true,"href":"https:\/\/fittingsgo.com\/fr\/wp-json\/wp\/v2\/product_tag?post=15036"}],"curies":[{"name":"wp","href":"https:\/\/api.w.org\/{rel}","templated":true}]}}