{"id":14992,"date":"2020-04-19T12:17:38","date_gmt":"2020-04-19T17:17:38","guid":{"rendered":"https:\/\/fittingsgo.com\/product\/peinture-pour-coffre\/"},"modified":"2020-04-19T12:21:46","modified_gmt":"2020-04-19T17:21:46","slug":"peinture-pour-coffre","status":"publish","type":"product","link":"https:\/\/fittingsgo.com\/fr\/produit\/peinture-pour-coffre\/","title":{"rendered":"Peinture pour coffre"},"content":{"rendered":"<p>CDM100, CDM102, CDM109<\/p>\n<div id=\"themify_builder_content-14992\" data-postid=\"14992\" class=\"themify_builder_content themify_builder_content-14992 themify_builder\">\n    <\/div>\n<!-- \/themify_builder_content -->\n","protected":false},"excerpt":{"rendered":"<p>La peinture pour coffre Dupli-Color est un fini mouchet\u00e9 multicolore durable qui r\u00e9siste \u00e0 l\u2019eau. Il est formul\u00e9 pour reproduire l\u2019apparence des int\u00e9rieurs de coffre d\u2019origine<br \/>\n311 g a\u00e9rosol<\/p>\n","protected":false},"featured_media":14991,"comment_status":"open","ping_status":"closed","template":"","meta":[],"product_brand":[],"product_cat":[326],"product_tag":[],"class_list":{"0":"post-14992","1":"product","2":"type-product","3":"status-publish","4":"has-post-thumbnail","6":"product_cat-peintures-apprets-etc","7":"has-post-title","8":"has-post-date","9":"has-post-category","10":"has-post-tag","11":"has-post-comment","12":"has-post-author","13":"","14":"fullcover","16":"first","17":"instock","18":"taxable","19":"shipping-taxable","20":"purchasable","21":"product-type-variable"},"jetpack_sharing_enabled":true,"builder_content":"","_links":{"self":[{"href":"https:\/\/fittingsgo.com\/fr\/wp-json\/wp\/v2\/product\/14992","targetHints":{"allow":["GET"]}}],"collection":[{"href":"https:\/\/fittingsgo.com\/fr\/wp-json\/wp\/v2\/product"}],"about":[{"href":"https:\/\/fittingsgo.com\/fr\/wp-json\/wp\/v2\/types\/product"}],"replies":[{"embeddable":true,"href":"https:\/\/fittingsgo.com\/fr\/wp-json\/wp\/v2\/comments?post=14992"}],"wp:featuredmedia":[{"embeddable":true,"href":"https:\/\/fittingsgo.com\/fr\/wp-json\/wp\/v2\/media\/14991"}],"wp:attachment":[{"href":"https:\/\/fittingsgo.com\/fr\/wp-json\/wp\/v2\/media?parent=14992"}],"wp:term":[{"taxonomy":"product_brand","embeddable":true,"href":"https:\/\/fittingsgo.com\/fr\/wp-json\/wp\/v2\/product_brand?post=14992"},{"taxonomy":"product_cat","embeddable":true,"href":"https:\/\/fittingsgo.com\/fr\/wp-json\/wp\/v2\/product_cat?post=14992"},{"taxonomy":"product_tag","embeddable":true,"href":"https:\/\/fittingsgo.com\/fr\/wp-json\/wp\/v2\/product_tag?post=14992"}],"curies":[{"name":"wp","href":"https:\/\/api.w.org\/{rel}","templated":true}]}}