{"id":14978,"date":"2020-04-19T12:04:28","date_gmt":"2020-04-19T17:04:28","guid":{"rendered":"https:\/\/fittingsgo.com\/product\/doublure-de-caisse-de-camion-de-black-armor-en-noir\/"},"modified":"2020-04-19T12:10:26","modified_gmt":"2020-04-19T17:10:26","slug":"doublure-de-caisse-de-camion-de-black-armor-en-noir","status":"publish","type":"product","link":"https:\/\/fittingsgo.com\/fr\/produit\/doublure-de-caisse-de-camion-de-black-armor-en-noir\/","title":{"rendered":"Doublure de caisse de camion de Black Armor en noir"},"content":{"rendered":"<p>Noir<br \/>\nCBAA2010, CBAQ2010, CBAK2010<br \/>\n&#8211; L&#8217;a\u00e9rosol est parfait pour la d\u00e9coupe ou pour la retouche et peut \u00eatre utilis\u00e9 sur le bois, le b\u00e9ton, la fibre de verre et le m\u00e9tal.<br \/>\n&#8211; Le kit comprend: (1) gallon Bed Armor, couvercle et cadre de rouleau, plateau de rouleau, brosse de garniture, tampon de frottement, b\u00e2tonnet et un livret d&#8217;instructions \u00e9tape par \u00e9tape.<\/p>\n<div id=\"themify_builder_content-14978\" data-postid=\"14978\" class=\"themify_builder_content themify_builder_content-14978 themify_builder\">\n    <\/div>\n<!-- \/themify_builder_content -->\n","protected":false},"excerpt":{"rendered":"<p>La doublure de caisse de camion Dupli-Color Bed Armor \u00abDo-It-Yourself\u00bb est un rev\u00eatement de polyur\u00e9thane caoutchout\u00e9 \u00e0 base d&#8217;eau. Il est id\u00e9al pour prot\u00e9ger les plates-formes de camion et toutes les autres surfaces m\u00e9talliques, en aluminium, en fibre de verre et en bois. Cette formule sp\u00e9ciale ne s&#8217;\u00e9caille pas, ne se d\u00e9colore pas ou ne s&#8217;\u00e9caille pas et a une finition satin\u00e9e noire textur\u00e9e qui offre la protection ultime en mati\u00e8re de caisse de camion.<\/p>\n","protected":false},"featured_media":14977,"comment_status":"open","ping_status":"closed","template":"","meta":[],"product_brand":[],"product_cat":[326],"product_tag":[],"class_list":{"0":"post-14978","1":"product","2":"type-product","3":"status-publish","4":"has-post-thumbnail","6":"product_cat-peintures-apprets-etc","7":"has-post-title","8":"has-post-date","9":"has-post-category","10":"has-post-tag","11":"has-post-comment","12":"has-post-author","13":"","14":"fullcover","16":"first","17":"instock","18":"taxable","19":"shipping-taxable","20":"purchasable","21":"product-type-variable"},"jetpack_sharing_enabled":true,"builder_content":"","_links":{"self":[{"href":"https:\/\/fittingsgo.com\/fr\/wp-json\/wp\/v2\/product\/14978","targetHints":{"allow":["GET"]}}],"collection":[{"href":"https:\/\/fittingsgo.com\/fr\/wp-json\/wp\/v2\/product"}],"about":[{"href":"https:\/\/fittingsgo.com\/fr\/wp-json\/wp\/v2\/types\/product"}],"replies":[{"embeddable":true,"href":"https:\/\/fittingsgo.com\/fr\/wp-json\/wp\/v2\/comments?post=14978"}],"wp:featuredmedia":[{"embeddable":true,"href":"https:\/\/fittingsgo.com\/fr\/wp-json\/wp\/v2\/media\/14977"}],"wp:attachment":[{"href":"https:\/\/fittingsgo.com\/fr\/wp-json\/wp\/v2\/media?parent=14978"}],"wp:term":[{"taxonomy":"product_brand","embeddable":true,"href":"https:\/\/fittingsgo.com\/fr\/wp-json\/wp\/v2\/product_brand?post=14978"},{"taxonomy":"product_cat","embeddable":true,"href":"https:\/\/fittingsgo.com\/fr\/wp-json\/wp\/v2\/product_cat?post=14978"},{"taxonomy":"product_tag","embeddable":true,"href":"https:\/\/fittingsgo.com\/fr\/wp-json\/wp\/v2\/product_tag?post=14978"}],"curies":[{"name":"wp","href":"https:\/\/api.w.org\/{rel}","templated":true}]}}