{"id":14891,"date":"2020-04-14T21:14:36","date_gmt":"2020-04-15T02:14:36","guid":{"rendered":"https:\/\/fittingsgo.com\/product\/liqui-moly-5w30-specifications-japonais-coreen-et-americain\/"},"modified":"2020-04-14T21:35:26","modified_gmt":"2020-04-15T02:35:26","slug":"liqui-moly-5w30-specifications-japonais-coreen-et-americain","status":"publish","type":"product","link":"https:\/\/fittingsgo.com\/fr\/produit\/liqui-moly-5w30-specifications-japonais-coreen-et-americain\/","title":{"rendered":"Liqui Moly 5W30 sp\u00e9cifications japonais, cor\u00e9en et am\u00e9ricain"},"content":{"rendered":"<p>LM20226, LM20228<\/p>\n<p>API SN Plus<br \/>\nILSAC GF-5<br \/>\nChrysler MS-6395<br \/>\nDaihatsu<br \/>\nFord<br \/>\nGM 6094 M<br \/>\nGM dexos1 Gen 2<br \/>\nHonda<br \/>\nHyundai<br \/>\nIsuzu<br \/>\nKia<br \/>\nMazda<br \/>\nMitsubishi<br \/>\nNissan<br \/>\nSubaru<br \/>\nSuzuki<br \/>\nToyota<\/p>\n<div id=\"themify_builder_content-14891\" data-postid=\"14891\" class=\"themify_builder_content themify_builder_content-14891 themify_builder\">\n    <\/div>\n<!-- \/themify_builder_content -->\n","protected":false},"excerpt":{"rendered":"<p>MOLYGEN NEW GENERATION SAE 5W-30<br \/>\nCette huile moteur \u00e0 faible friction de pointe combine des huiles de base enti\u00e8rement synth\u00e9tiques et une technologie additive unique. La puissante technologie MFC (Molecular Friction Control) emp\u00eache la formation de d\u00e9p\u00f4ts tout en r\u00e9duisant simultan\u00e9ment les pertes par frottement dans le moteur. Cet effet synerg\u00e9tique offre une protection optimale contre l&#8217;usure et un moteur en parfait \u00e9tat de marche. Des am\u00e9liorations peuvent \u00eatre observ\u00e9es dans la r\u00e9duction de la consommation de carburant et l&#8217;augmentation du kilom\u00e9trage du moteur. L&#8217;ing\u00e9nierie avanc\u00e9e est encore mise en \u00e9vidence par la couleur fluorescente verte.<br \/>\nCOMPL\u00c8TEMENT SYNTH\u00c9TIQUE<br \/>\nFABRIQU\u00c9 EN ALLEMAGNE<\/p>\n","protected":false},"featured_media":14890,"comment_status":"open","ping_status":"closed","template":"","meta":[],"product_brand":[],"product_cat":[320],"product_tag":[],"class_list":{"0":"post-14891","1":"product","2":"type-product","3":"status-publish","4":"has-post-thumbnail","6":"product_cat-huile-de-moteur","7":"has-post-title","8":"has-post-date","9":"has-post-category","10":"has-post-tag","11":"has-post-comment","12":"has-post-author","13":"","14":"fullcover","16":"first","17":"instock","18":"taxable","19":"shipping-taxable","20":"purchasable","21":"product-type-variable"},"jetpack_sharing_enabled":true,"builder_content":"","_links":{"self":[{"href":"https:\/\/fittingsgo.com\/fr\/wp-json\/wp\/v2\/product\/14891","targetHints":{"allow":["GET"]}}],"collection":[{"href":"https:\/\/fittingsgo.com\/fr\/wp-json\/wp\/v2\/product"}],"about":[{"href":"https:\/\/fittingsgo.com\/fr\/wp-json\/wp\/v2\/types\/product"}],"replies":[{"embeddable":true,"href":"https:\/\/fittingsgo.com\/fr\/wp-json\/wp\/v2\/comments?post=14891"}],"wp:featuredmedia":[{"embeddable":true,"href":"https:\/\/fittingsgo.com\/fr\/wp-json\/wp\/v2\/media\/14890"}],"wp:attachment":[{"href":"https:\/\/fittingsgo.com\/fr\/wp-json\/wp\/v2\/media?parent=14891"}],"wp:term":[{"taxonomy":"product_brand","embeddable":true,"href":"https:\/\/fittingsgo.com\/fr\/wp-json\/wp\/v2\/product_brand?post=14891"},{"taxonomy":"product_cat","embeddable":true,"href":"https:\/\/fittingsgo.com\/fr\/wp-json\/wp\/v2\/product_cat?post=14891"},{"taxonomy":"product_tag","embeddable":true,"href":"https:\/\/fittingsgo.com\/fr\/wp-json\/wp\/v2\/product_tag?post=14891"}],"curies":[{"name":"wp","href":"https:\/\/api.w.org\/{rel}","templated":true}]}}