{"id":14881,"date":"2020-04-14T20:57:56","date_gmt":"2020-04-15T01:57:56","guid":{"rendered":"https:\/\/fittingsgo.com\/product\/flange-rapide\/"},"modified":"2020-08-30T11:33:06","modified_gmt":"2020-08-30T16:33:06","slug":"flange-rapide","status":"publish","type":"product","link":"https:\/\/fittingsgo.com\/fr\/produit\/flange-rapide\/","title":{"rendered":"Flange rapide"},"content":{"rendered":"<p>17169, 17177, <\/p>\n<div id=\"themify_builder_content-14881\" data-postid=\"14881\" class=\"themify_builder_content themify_builder_content-14881 themify_builder\">\n    <\/div>\n<!-- \/themify_builder_content -->\n","protected":false},"excerpt":{"rendered":"<p>Cette flange fendue fournit une solution rapide pour une bride grill\u00e9e. \u00c9limine le besoin de d\u00e9monter le syst\u00e8me d&#8217;\u00e9chappement pour le diviser sur une bride monobloc. Nickson propose une vari\u00e9t\u00e9 de brides fendues. \u00c9limine le besoin de d\u00e9monter le syst\u00e8me d&#8217;\u00e9chappement pour le diviser sur une bride monobloc. Con\u00e7u pour fonctionner en toute transparence avec OE et tout syst\u00e8me de remplacement de rechange.<br \/>\nFabriqu\u00e9 par Nickson<\/p>\n","protected":false},"featured_media":14880,"comment_status":"open","ping_status":"closed","template":"","meta":[],"product_brand":[],"product_cat":[178],"product_tag":[],"class_list":{"0":"post-14881","1":"product","2":"type-product","3":"status-publish","4":"has-post-thumbnail","6":"product_cat-echappement","7":"has-post-title","8":"has-post-date","9":"has-post-category","10":"has-post-tag","11":"has-post-comment","12":"has-post-author","13":"","14":"fullcover","16":"first","17":"instock","18":"taxable","19":"shipping-taxable","20":"purchasable","21":"product-type-variable"},"jetpack_sharing_enabled":true,"builder_content":"","_links":{"self":[{"href":"https:\/\/fittingsgo.com\/fr\/wp-json\/wp\/v2\/product\/14881","targetHints":{"allow":["GET"]}}],"collection":[{"href":"https:\/\/fittingsgo.com\/fr\/wp-json\/wp\/v2\/product"}],"about":[{"href":"https:\/\/fittingsgo.com\/fr\/wp-json\/wp\/v2\/types\/product"}],"replies":[{"embeddable":true,"href":"https:\/\/fittingsgo.com\/fr\/wp-json\/wp\/v2\/comments?post=14881"}],"wp:featuredmedia":[{"embeddable":true,"href":"https:\/\/fittingsgo.com\/fr\/wp-json\/wp\/v2\/media\/14880"}],"wp:attachment":[{"href":"https:\/\/fittingsgo.com\/fr\/wp-json\/wp\/v2\/media?parent=14881"}],"wp:term":[{"taxonomy":"product_brand","embeddable":true,"href":"https:\/\/fittingsgo.com\/fr\/wp-json\/wp\/v2\/product_brand?post=14881"},{"taxonomy":"product_cat","embeddable":true,"href":"https:\/\/fittingsgo.com\/fr\/wp-json\/wp\/v2\/product_cat?post=14881"},{"taxonomy":"product_tag","embeddable":true,"href":"https:\/\/fittingsgo.com\/fr\/wp-json\/wp\/v2\/product_tag?post=14881"}],"curies":[{"name":"wp","href":"https:\/\/api.w.org\/{rel}","templated":true}]}}